{"id":2659,"date":"2025-02-19T09:58:11","date_gmt":"2025-02-19T08:58:11","guid":{"rendered":"http:\/\/www.itap.uva.es\/?page_id=2659"},"modified":"2025-02-19T10:19:03","modified_gmt":"2025-02-19T09:19:03","slug":"ahl","status":"publish","type":"page","link":"https:\/\/www.itap.uva.es\/en\/ahl\/","title":{"rendered":"Alberto Herreros L\u00f3pez"},"content":{"rendered":"<div data-elementor-type=\"wp-page\" data-elementor-id=\"2659\" class=\"elementor elementor-2659\">\n\t\t\t\t<div data-ka-cursor-size=\"1\" class=\"elementor-element elementor-element-909ffe6 e-flex e-con-boxed e-con e-parent\" data-id=\"909ffe6\" data-element_type=\"container\" data-e-type=\"container\" data-settings=\"{&quot;kng_cursor_interaction&quot;:&quot;default&quot;,&quot;kng_cursor_magnetic&quot;:&quot;none&quot;,&quot;kng_cursor_size_multiplier&quot;:{&quot;unit&quot;:&quot;px&quot;,&quot;size&quot;:1,&quot;sizes&quot;:[]}}\">\n\t\t\t\t\t<div class=\"e-con-inner\">\n\t\t\t\t<div data-ka-cursor-size=\"1\" class=\"elementor-element elementor-element-b0194ee elementor-widget elementor-widget-heading\" data-id=\"b0194ee\" data-element_type=\"widget\" data-e-type=\"widget\" data-settings=\"{&quot;kng_cursor_interaction&quot;:&quot;default&quot;,&quot;kng_cursor_magnetic&quot;:&quot;none&quot;,&quot;kng_cursor_size_multiplier&quot;:{&quot;unit&quot;:&quot;px&quot;,&quot;size&quot;:1,&quot;sizes&quot;:[]}}\" data-widget_type=\"heading.default\">\n\t\t\t\t<div class=\"elementor-widget-container\">\n\t\t\t\t\t<h2 class=\"elementor-heading-title elementor-size-default\">Alberto Herreros L\u00f3pez<\/h2>\t\t\t\t<\/div>\n\t\t\t\t<\/div>\n\t\t\t\t\t<\/div>\n\t\t\t\t<\/div>\n\t\t<div data-ka-cursor-size=\"1\" class=\"elementor-element elementor-element-516485b e-flex e-con-boxed e-con e-parent\" data-id=\"516485b\" data-element_type=\"container\" data-e-type=\"container\" data-settings=\"{&quot;kng_cursor_interaction&quot;:&quot;default&quot;,&quot;kng_cursor_magnetic&quot;:&quot;none&quot;,&quot;kng_cursor_size_multiplier&quot;:{&quot;unit&quot;:&quot;px&quot;,&quot;size&quot;:1,&quot;sizes&quot;:[]}}\">\n\t\t\t\t\t<div class=\"e-con-inner\">\n\t\t<div data-ka-cursor-size=\"1\" class=\"elementor-element elementor-element-3d4d827 e-con-full e-flex e-con e-child\" data-id=\"3d4d827\" data-element_type=\"container\" data-e-type=\"container\" data-settings=\"{&quot;kng_cursor_interaction&quot;:&quot;default&quot;,&quot;kng_cursor_magnetic&quot;:&quot;none&quot;,&quot;kng_cursor_size_multiplier&quot;:{&quot;unit&quot;:&quot;px&quot;,&quot;size&quot;:1,&quot;sizes&quot;:[]}}\">\n\t\t\t\t<div data-ka-cursor-size=\"1\" class=\"elementor-element elementor-element-42f52b2 animated-slow elementor-invisible elementor-widget elementor-widget-text-editor\" data-id=\"42f52b2\" data-element_type=\"widget\" data-e-type=\"widget\" data-settings=\"{&quot;_animation&quot;:&quot;fadeIn&quot;,&quot;_animation_delay&quot;:1000,&quot;kng_cursor_interaction&quot;:&quot;default&quot;,&quot;kng_cursor_magnetic&quot;:&quot;none&quot;,&quot;kng_cursor_size_multiplier&quot;:{&quot;unit&quot;:&quot;px&quot;,&quot;size&quot;:1,&quot;sizes&quot;:[]}}\" data-widget_type=\"text-editor.default\">\n\t\t\t\t<div class=\"elementor-widget-container\">\n\t\t\t\t\t\t\t\t\t<p style=\"text-align: left;\"><div class=\"su-button-center\"><a href=\"http:\/\/directorio.uva.es\/nodo\/2044007009\" class=\"su-button su-button-style-glass\" style=\"color:#FFFFFF;background-color:#91111a;border-color:#740e15;border-radius:7px\" target=\"_blank\" rel=\"noopener noreferrer\"><span style=\"color:#FFFFFF;padding:7px 20px;font-size:16px;line-height:24px;border-color:#b2595f;border-radius:7px;text-shadow:none\"><img decoding=\"async\" src=\"\/\/www.itap.uva.es\/wp-content\/uploads\/2025\/02\/uva2.webp\" alt=\"Informaci\u00f3n UVa\" style=\"width:24px;height:24px\" \/> Uva Information<\/span><\/a><\/div><\/p>\t\t\t\t\t\t\t\t<\/div>\n\t\t\t\t<\/div>\n\t\t\t\t<\/div>\n\t\t<div data-ka-cursor-size=\"1\" class=\"elementor-element elementor-element-8ca8408 e-con-full e-flex e-con e-child\" data-id=\"8ca8408\" data-element_type=\"container\" data-e-type=\"container\" data-settings=\"{&quot;kng_cursor_interaction&quot;:&quot;default&quot;,&quot;kng_cursor_magnetic&quot;:&quot;none&quot;,&quot;kng_cursor_size_multiplier&quot;:{&quot;unit&quot;:&quot;px&quot;,&quot;size&quot;:1,&quot;sizes&quot;:[]}}\">\n\t\t\t\t<div data-ka-cursor-size=\"1\" class=\"elementor-element elementor-element-b75cdc6 animated-slow elementor-invisible elementor-widget elementor-widget-text-editor\" data-id=\"b75cdc6\" data-element_type=\"widget\" data-e-type=\"widget\" data-settings=\"{&quot;_animation&quot;:&quot;fadeIn&quot;,&quot;_animation_delay&quot;:1500,&quot;kng_cursor_interaction&quot;:&quot;default&quot;,&quot;kng_cursor_magnetic&quot;:&quot;none&quot;,&quot;kng_cursor_size_multiplier&quot;:{&quot;unit&quot;:&quot;px&quot;,&quot;size&quot;:1,&quot;sizes&quot;:[]}}\" data-widget_type=\"text-editor.default\">\n\t\t\t\t<div class=\"elementor-widget-container\">\n\t\t\t\t\t\t\t\t\t<p style=\"text-align: left;\"><div class=\"su-button-center\"><a href=\"https:\/\/investigacion.uva.es\/CawDOS\/?id=a3386a7c3feeff74&#038;idioma=es&#038;tipo=activ&#038;elmeucv=N\" class=\"su-button su-button-style-glass\" style=\"color:#FFFFFF;background-color:#8591dd;border-color:#6b74b1;border-radius:7px\" target=\"_blank\" rel=\"noopener noreferrer\"><span style=\"color:#FFFFFF;padding:7px 20px;font-size:16px;line-height:24px;border-color:#aab2e8;border-radius:7px;text-shadow:none\"><img decoding=\"async\" src=\"\/\/www.itap.uva.es\/wp-content\/uploads\/2025\/02\/prodinv.webp\" alt=\"Producci\u00f3n investigadora UVa\" style=\"width:24px;height:24px\" \/> Research production UVa<\/span><\/a><\/div><\/p>\t\t\t\t\t\t\t\t<\/div>\n\t\t\t\t<\/div>\n\t\t\t\t<\/div>\n\t\t\t\t\t<\/div>\n\t\t\t\t<\/div>\n\t\t<div data-ka-cursor-size=\"1\" class=\"elementor-element elementor-element-8a2f765 e-flex e-con-boxed e-con e-parent\" data-id=\"8a2f765\" data-element_type=\"container\" data-e-type=\"container\" data-settings=\"{&quot;kng_cursor_interaction&quot;:&quot;default&quot;,&quot;kng_cursor_magnetic&quot;:&quot;none&quot;,&quot;kng_cursor_size_multiplier&quot;:{&quot;unit&quot;:&quot;px&quot;,&quot;size&quot;:1,&quot;sizes&quot;:[]}}\">\n\t\t\t\t\t<div class=\"e-con-inner\">\n\t\t\t\t<div data-ka-cursor-size=\"1\" class=\"elementor-element elementor-element-b339333 elementor-widget elementor-widget-image\" data-id=\"b339333\" data-element_type=\"widget\" data-e-type=\"widget\" data-settings=\"{&quot;kng_cursor_interaction&quot;:&quot;default&quot;,&quot;kng_cursor_magnetic&quot;:&quot;none&quot;,&quot;kng_cursor_size_multiplier&quot;:{&quot;unit&quot;:&quot;px&quot;,&quot;size&quot;:1,&quot;sizes&quot;:[]}}\" data-widget_type=\"image.default\">\n\t\t\t\t<div class=\"elementor-widget-container\">\n\t\t\t\t\t\t\t\t\t\t\t\t\t\t\t<img fetchpriority=\"high\" decoding=\"async\" width=\"838\" height=\"89\" src=\"https:\/\/www.itap.uva.es\/wp-content\/uploads\/2025\/01\/banner-1.gif\" class=\"attachment-large size-large wp-image-302\" alt=\"\" \/>\t\t\t\t\t\t\t\t\t\t\t\t\t\t\t<\/div>\n\t\t\t\t<\/div>\n\t\t\t\t\t<\/div>\n\t\t\t\t<\/div>\n\t\t<div data-ka-cursor-size=\"1\" class=\"elementor-element elementor-element-5f2be19 e-flex e-con-boxed e-con e-parent\" data-id=\"5f2be19\" data-element_type=\"container\" data-e-type=\"container\" data-settings=\"{&quot;kng_cursor_interaction&quot;:&quot;default&quot;,&quot;kng_cursor_magnetic&quot;:&quot;none&quot;,&quot;kng_cursor_size_multiplier&quot;:{&quot;unit&quot;:&quot;px&quot;,&quot;size&quot;:1,&quot;sizes&quot;:[]}}\">\n\t\t\t\t\t<div class=\"e-con-inner\">\n\t\t<div data-ka-cursor-size=\"1\" class=\"elementor-element elementor-element-abd7c47 e-con-full e-flex e-con e-child\" data-id=\"abd7c47\" data-element_type=\"container\" data-e-type=\"container\" data-settings=\"{&quot;kng_cursor_interaction&quot;:&quot;default&quot;,&quot;kng_cursor_magnetic&quot;:&quot;none&quot;,&quot;kng_cursor_size_multiplier&quot;:{&quot;unit&quot;:&quot;px&quot;,&quot;size&quot;:1,&quot;sizes&quot;:[]}}\">\n\t\t\t\t<div data-ka-cursor-size=\"1\" class=\"elementor-element elementor-element-12ebf24 elementor-position-top elementor-invisible elementor-widget elementor-widget-image-box\" data-id=\"12ebf24\" data-element_type=\"widget\" data-e-type=\"widget\" data-settings=\"{&quot;_animation&quot;:&quot;slideInDown&quot;,&quot;kng_cursor_interaction&quot;:&quot;default&quot;,&quot;kng_cursor_magnetic&quot;:&quot;none&quot;,&quot;kng_cursor_size_multiplier&quot;:{&quot;unit&quot;:&quot;px&quot;,&quot;size&quot;:1,&quot;sizes&quot;:[]}}\" data-widget_type=\"image-box.default\">\n\t\t\t\t<div class=\"elementor-widget-container\">\n\t\t\t\t\t<div class=\"elementor-image-box-wrapper\"><figure class=\"elementor-image-box-img\"><img decoding=\"async\" width=\"280\" height=\"280\" src=\"https:\/\/www.itap.uva.es\/wp-content\/uploads\/2025\/02\/cv.webp\" class=\"attachment-full size-full wp-image-2075\" alt=\"\" srcset=\"https:\/\/www.itap.uva.es\/wp-content\/uploads\/2025\/02\/cv.webp 280w, https:\/\/www.itap.uva.es\/wp-content\/uploads\/2025\/02\/cv-150x150.webp 150w, https:\/\/www.itap.uva.es\/wp-content\/uploads\/2025\/02\/cv-12x12.webp 12w\" sizes=\"(max-width: 280px) 100vw, 280px\" \/><\/figure><div class=\"elementor-image-box-content\"><h3 class=\"elementor-image-box-title\">Breve CV<\/h3><p class=\"elementor-image-box-description\"><div align=\"left\">\n<ul>\n \t<li>Ingeniero Industrial por la Universidad de Valladolid (1991)<\/li>\n \t<li>Doctor Ingeniero Industrial por la Universidad de Valladolid (2000)<\/li>\n \t<li>Profesor Titular de Universidad (2002)<\/li>\n \t<li>Profesor visitante Purdue University, USA (1997-1998)<\/li>\n \t<li>Profesor visitante Lund University (Suecia) (2004)<\/li>\n \t<li>Profesor visitante Einthoven Technical University (2006)<\/li>\n \t<li>Cursos de doctorado: Universidad de Oriente (Cuba), Universidad Cat\u00f3lica de Lima (Per\u00fa), Centro de Investigaci\u00f3n y de Estudios Avanzados del IPN (CINVESTAV) de Guadalajarra (M\u00e9xico),Universidad de Buenos Aires (Argentina), Universidad de San Juan (Argentina).<\/li>\n<\/ul>\n<\/div><\/p><\/div><\/div>\t\t\t\t<\/div>\n\t\t\t\t<\/div>\n\t\t\t\t<\/div>\n\t\t<div data-ka-cursor-size=\"1\" class=\"elementor-element elementor-element-fb9a3a1 e-con-full e-flex e-con e-child\" data-id=\"fb9a3a1\" data-element_type=\"container\" data-e-type=\"container\" data-settings=\"{&quot;kng_cursor_interaction&quot;:&quot;default&quot;,&quot;kng_cursor_magnetic&quot;:&quot;none&quot;,&quot;kng_cursor_size_multiplier&quot;:{&quot;unit&quot;:&quot;px&quot;,&quot;size&quot;:1,&quot;sizes&quot;:[]}}\">\n\t\t\t\t<div data-ka-cursor-size=\"1\" class=\"elementor-element elementor-element-42272e3 elementor-position-top elementor-invisible elementor-widget elementor-widget-image-box\" data-id=\"42272e3\" data-element_type=\"widget\" data-e-type=\"widget\" data-settings=\"{&quot;_animation&quot;:&quot;slideInUp&quot;,&quot;kng_cursor_interaction&quot;:&quot;default&quot;,&quot;kng_cursor_magnetic&quot;:&quot;none&quot;,&quot;kng_cursor_size_multiplier&quot;:{&quot;unit&quot;:&quot;px&quot;,&quot;size&quot;:1,&quot;sizes&quot;:[]}}\" data-widget_type=\"image-box.default\">\n\t\t\t\t<div class=\"elementor-widget-container\">\n\t\t\t\t\t<div class=\"elementor-image-box-wrapper\"><figure class=\"elementor-image-box-img\"><img decoding=\"async\" width=\"280\" height=\"280\" src=\"https:\/\/www.itap.uva.es\/wp-content\/uploads\/2025\/02\/doc1.webp\" class=\"attachment-full size-full wp-image-2076\" alt=\"\" srcset=\"https:\/\/www.itap.uva.es\/wp-content\/uploads\/2025\/02\/doc1.webp 280w, https:\/\/www.itap.uva.es\/wp-content\/uploads\/2025\/02\/doc1-150x150.webp 150w, https:\/\/www.itap.uva.es\/wp-content\/uploads\/2025\/02\/doc1-12x12.webp 12w\" sizes=\"(max-width: 280px) 100vw, 280px\" \/><\/figure><div class=\"elementor-image-box-content\"><h3 class=\"elementor-image-box-title\">Docencia<\/h3><p class=\"elementor-image-box-description\">&lt;div align=&quot;left&quot;\n<h5>\n<h5>Tutor\u00edas<\/h5>\n<h5>Docencia de Grado<\/h5>\n<ul>\n \t<li>Fundamentos de Inform\u00e1tica<\/li>\n \t<li>Inform\u00e1tica industrial<\/li>\n       <li>Sistemas Robotizados<\/li>\n<\/ul>\n<h5>Docencia de M\u00e1ster<\/h5>\n<ul>\n \t<li>Optimizaci\u00f3n de Sistemas<\/li>\n \t<li>Control Adaptativo y Robusto<\/li>\n<\/ul>\n<\/div><\/p><\/div><\/div>\t\t\t\t<\/div>\n\t\t\t\t<\/div>\n\t\t\t\t<\/div>\n\t\t<div data-ka-cursor-size=\"1\" class=\"elementor-element elementor-element-58b0101 e-con-full e-flex e-con e-child\" data-id=\"58b0101\" data-element_type=\"container\" data-e-type=\"container\" data-settings=\"{&quot;kng_cursor_interaction&quot;:&quot;default&quot;,&quot;kng_cursor_magnetic&quot;:&quot;none&quot;,&quot;kng_cursor_size_multiplier&quot;:{&quot;unit&quot;:&quot;px&quot;,&quot;size&quot;:1,&quot;sizes&quot;:[]}}\">\n\t\t\t\t<div data-ka-cursor-size=\"1\" class=\"elementor-element elementor-element-5b994ea elementor-position-top elementor-invisible elementor-widget elementor-widget-image-box\" data-id=\"5b994ea\" data-element_type=\"widget\" data-e-type=\"widget\" data-settings=\"{&quot;_animation&quot;:&quot;slideInDown&quot;,&quot;kng_cursor_interaction&quot;:&quot;default&quot;,&quot;kng_cursor_magnetic&quot;:&quot;none&quot;,&quot;kng_cursor_size_multiplier&quot;:{&quot;unit&quot;:&quot;px&quot;,&quot;size&quot;:1,&quot;sizes&quot;:[]}}\" data-widget_type=\"image-box.default\">\n\t\t\t\t<div class=\"elementor-widget-container\">\n\t\t\t\t\t<div class=\"elementor-image-box-wrapper\"><figure class=\"elementor-image-box-img\"><img loading=\"lazy\" decoding=\"async\" width=\"280\" height=\"280\" src=\"https:\/\/www.itap.uva.es\/wp-content\/uploads\/2025\/02\/invest.webp\" class=\"attachment-full size-full wp-image-2077\" alt=\"\" srcset=\"https:\/\/www.itap.uva.es\/wp-content\/uploads\/2025\/02\/invest.webp 280w, https:\/\/www.itap.uva.es\/wp-content\/uploads\/2025\/02\/invest-150x150.webp 150w, https:\/\/www.itap.uva.es\/wp-content\/uploads\/2025\/02\/invest-12x12.webp 12w\" sizes=\"(max-width: 280px) 100vw, 280px\" \/><\/figure><div class=\"elementor-image-box-content\"><h3 class=\"elementor-image-box-title\">Research<\/h3><p class=\"elementor-image-box-description\"><div align=\"left\">\n\n<h5>L\u00edneas de Investigaci\u00f3n:<\/h5>\n\n<ul type=\"circle\">\n\t<li>Algoritmos estoc\u00e1sticos para la optimizaci\u00f3n de sistemas<\/li>\n \t<li>Control de sistemas por optimizaci\u00f3n param\u00e9trica<\/li>\n \t<li>Identificaci\u00f3n de se\u00f1ales biom\u00e9dicas<\/li>\n \t<li>Rob\u00f3tica<\/li>\n<\/ul>\n<\/div><\/p><\/div><\/div>\t\t\t\t<\/div>\n\t\t\t\t<\/div>\n\t\t\t\t<\/div>\n\t\t\t\t\t<\/div>\n\t\t\t\t<\/div>\n\t\t\t\t<\/div>","protected":false},"excerpt":{"rendered":"<p>Alberto Herreros L\u00f3pez Breve CV Ingeniero Industrial por la Universidad de Valladolid (1991) Doctor Ingeniero Industrial por la Universidad de [&hellip;]<\/p>\n","protected":false},"author":1,"featured_media":0,"parent":0,"menu_order":0,"comment_status":"closed","ping_status":"closed","template":"","meta":{"site-sidebar-layout":"no-sidebar","site-content-layout":"","ast-site-content-layout":"full-width-container","site-content-style":"default","site-sidebar-style":"default","ast-global-header-display":"","ast-banner-title-visibility":"","ast-main-header-display":"","ast-hfb-above-header-display":"","ast-hfb-below-header-display":"","ast-hfb-mobile-header-display":"","site-post-title":"disabled","ast-breadcrumbs-content":"","ast-featured-img":"disabled","footer-sml-layout":"","ast-disable-related-posts":"","theme-transparent-header-meta":"","adv-header-id-meta":"","stick-header-meta":"","header-above-stick-meta":"","header-main-stick-meta":"","header-below-stick-meta":"","astra-migrate-meta-layouts":"default","ast-page-background-enabled":"default","ast-page-background-meta":{"desktop":{"background-color":"var(--ast-global-color-5)","background-image":"","background-repeat":"repeat","background-position":"center center","background-size":"auto","background-attachment":"scroll","background-type":"","background-media":"","overlay-type":"","overlay-color":"","overlay-opacity":"","overlay-gradient":""},"tablet":{"background-color":"","background-image":"","background-repeat":"repeat","background-position":"center center","background-size":"auto","background-attachment":"scroll","background-type":"","background-media":"","overlay-type":"","overlay-color":"","overlay-opacity":"","overlay-gradient":""},"mobile":{"background-color":"","background-image":"","background-repeat":"repeat","background-position":"center center","background-size":"auto","background-attachment":"scroll","background-type":"","background-media":"","overlay-type":"","overlay-color":"","overlay-opacity":"","overlay-gradient":""}},"ast-content-background-meta":{"desktop":{"background-color":"var(--ast-global-color-4)","background-image":"","background-repeat":"repeat","background-position":"center center","background-size":"auto","background-attachment":"scroll","background-type":"","background-media":"","overlay-type":"","overlay-color":"","overlay-opacity":"","overlay-gradient":""},"tablet":{"background-color":"var(--ast-global-color-4)","background-image":"","background-repeat":"repeat","background-position":"center center","background-size":"auto","background-attachment":"scroll","background-type":"","background-media":"","overlay-type":"","overlay-color":"","overlay-opacity":"","overlay-gradient":""},"mobile":{"background-color":"var(--ast-global-color-4)","background-image":"","background-repeat":"repeat","background-position":"center center","background-size":"auto","background-attachment":"scroll","background-type":"","background-media":"","overlay-type":"","overlay-color":"","overlay-opacity":"","overlay-gradient":""}},"footnotes":""},"class_list":["post-2659","page","type-page","status-publish","hentry"],"_links":{"self":[{"href":"https:\/\/www.itap.uva.es\/en\/wp-json\/wp\/v2\/pages\/2659","targetHints":{"allow":["GET"]}}],"collection":[{"href":"https:\/\/www.itap.uva.es\/en\/wp-json\/wp\/v2\/pages"}],"about":[{"href":"https:\/\/www.itap.uva.es\/en\/wp-json\/wp\/v2\/types\/page"}],"author":[{"embeddable":true,"href":"https:\/\/www.itap.uva.es\/en\/wp-json\/wp\/v2\/users\/1"}],"replies":[{"embeddable":true,"href":"https:\/\/www.itap.uva.es\/en\/wp-json\/wp\/v2\/comments?post=2659"}],"version-history":[{"count":0,"href":"https:\/\/www.itap.uva.es\/en\/wp-json\/wp\/v2\/pages\/2659\/revisions"}],"wp:attachment":[{"href":"https:\/\/www.itap.uva.es\/en\/wp-json\/wp\/v2\/media?parent=2659"}],"curies":[{"name":"wp","href":"https:\/\/api.w.org\/{rel}","templated":true}]}}