{"id":448,"date":"2025-01-23T14:00:45","date_gmt":"2025-01-23T13:00:45","guid":{"rendered":"http:\/\/www.itap.uva.es\/?page_id=448"},"modified":"2026-04-09T18:26:11","modified_gmt":"2026-04-09T16:26:11","slug":"colabmem","status":"publish","type":"page","link":"https:\/\/www.itap.uva.es\/en\/colabmem\/","title":{"rendered":"Collaborating members"},"content":{"rendered":"<div data-elementor-type=\"wp-page\" data-elementor-id=\"448\" class=\"elementor elementor-448\">\n\t\t\t\t<div data-ka-cursor-size=\"1\" class=\"elementor-element elementor-element-cd20a20 e-flex e-con-boxed e-con e-parent\" data-id=\"cd20a20\" data-element_type=\"container\" data-e-type=\"container\" data-settings=\"{&quot;kng_cursor_interaction&quot;:&quot;default&quot;,&quot;kng_cursor_magnetic&quot;:&quot;none&quot;,&quot;kng_cursor_size_multiplier&quot;:{&quot;unit&quot;:&quot;px&quot;,&quot;size&quot;:1,&quot;sizes&quot;:[]}}\">\n\t\t\t\t\t<div class=\"e-con-inner\">\n\t\t\t\t<div data-ka-cursor-size=\"1\" class=\"elementor-element elementor-element-0036da2 elementor-widget elementor-widget-text-editor\" data-id=\"0036da2\" data-element_type=\"widget\" data-e-type=\"widget\" data-settings=\"{&quot;kng_cursor_interaction&quot;:&quot;default&quot;,&quot;kng_cursor_magnetic&quot;:&quot;none&quot;,&quot;kng_cursor_size_multiplier&quot;:{&quot;unit&quot;:&quot;px&quot;,&quot;size&quot;:1,&quot;sizes&quot;:[]}}\" data-widget_type=\"text-editor.default\">\n\t\t\t\t<div class=\"elementor-widget-container\">\n\t\t\t\t\t\t\t\t\t<h1>Collaborating members<\/h1>\t\t\t\t\t\t\t\t<\/div>\n\t\t\t\t<\/div>\n\t\t\t\t\t<\/div>\n\t\t\t\t<\/div>\n\t\t<div data-ka-cursor-size=\"1\" class=\"elementor-element elementor-element-c88378c e-flex e-con-boxed e-con e-parent\" data-id=\"c88378c\" data-element_type=\"container\" data-e-type=\"container\" data-settings=\"{&quot;kng_cursor_interaction&quot;:&quot;default&quot;,&quot;kng_cursor_magnetic&quot;:&quot;none&quot;,&quot;kng_cursor_size_multiplier&quot;:{&quot;unit&quot;:&quot;px&quot;,&quot;size&quot;:1,&quot;sizes&quot;:[]}}\">\n\t\t\t\t\t<div class=\"e-con-inner\">\n\t\t\t\t<div data-ka-cursor-size=\"1\" class=\"elementor-element elementor-element-c60d7bd elementor-widget elementor-widget-text-editor\" data-id=\"c60d7bd\" data-element_type=\"widget\" data-e-type=\"widget\" data-settings=\"{&quot;kng_cursor_interaction&quot;:&quot;default&quot;,&quot;kng_cursor_magnetic&quot;:&quot;none&quot;,&quot;kng_cursor_size_multiplier&quot;:{&quot;unit&quot;:&quot;px&quot;,&quot;size&quot;:1,&quot;sizes&quot;:[]}}\" data-widget_type=\"text-editor.default\">\n\t\t\t\t<div class=\"elementor-widget-container\">\n\t\t\t\t\t\t\t\t\t<p>\n<table id=\"tablepress-2\" class=\"tablepress tablepress-id-2\">\n<thead>\n<tr class=\"row-1\">\n\t<th class=\"column-1\">Surname and name<\/th><th class=\"column-2\">e-mail<\/th><th class=\"column-3\">Agency<\/th>\n<\/tr>\n<\/thead>\n<tbody class=\"row-striping row-hover\">\n<tr class=\"row-2\">\n\t<td class=\"column-1\">Barriga Navarro, Carlos<\/td><td class=\"column-2\"><a href=\"#\" onclick=\"javascript:window.location.href='m&#97;&#x69;&#x6c;t&#111;&#x3a;&#x61;l&#105;&#97;&#x67;&#x75;&#64;&#99;&#x61;&#x72;t&#105;&#x66;&#x2e;e&#115;'; return false;\"><img decoding=\"async\" src=\"\/\/www.itap.uva.es\/wp-content\/uploads\/2025\/01\/email2.webp\" class=\"center\" \/><\/a><\/td><td class=\"column-3\"><a href=\"http:\/\/www.cartif.com\" target=\"_blank\" rel=\"noopener noreferrer\">CARTIF<\/a><\/td>\n<\/tr>\n<tr class=\"row-3\">\n\t<td class=\"column-1\">Brizuela Sanz, Jos\u00e9 Antonio<\/td><td class=\"column-2\"><a href=\"#\" onclick=\"javascript:window.location.href='&#x6d;&#x61;&#x69;&#x6c;&#x74;&#x6f;&#x3a;&#x61;&#x6c;&#x69;&#x61;&#103;&#117;&#64;&#99;&#97;&#114;&#116;if&#46;es'; return false;\"><img decoding=\"async\" src=\"\/\/www.itap.uva.es\/wp-content\/uploads\/2025\/01\/email2.webp\" class=\"center\" \/><\/a><\/td><td class=\"column-3\"><a href=\"https:\/\/www.saludcastillayleon.es\/HCUValladolid\/es\" target=\"_blank\" rel=\"noopener noreferrer\">HCUV<\/a><\/td>\n<\/tr>\n<tr class=\"row-4\">\n\t<td class=\"column-1\">Cenizo Revuelta, Noelia<\/td><td class=\"column-2\"><a href=\"#\" onclick=\"javascript:window.location.href='&#109;&#97;&#x69;&#x6c;&#116;&#111;&#x3a;&#x6e;&#111;&#101;&#x63;&#x65;&#110;&#64;&#x79;&#x61;&#104;&#111;&#x6f;&#x2e;&#101;&#115;'; return false;\"><img decoding=\"async\" src=\"\/\/www.itap.uva.es\/wp-content\/uploads\/2025\/01\/email2.webp\" class=\"center\" \/><\/a><\/td><td class=\"column-3\"><a href=\"https:\/\/www.saludcastillayleon.es\/HCUValladolid\/es\" target=\"_blank\" rel=\"noopener noreferrer\">HCUV<\/a><\/td>\n<\/tr>\n<tr class=\"row-5\">\n\t<td class=\"column-1\">Ciscal de la Rica, Ana<\/td><td class=\"column-2\"><a href=\"#\" onclick=\"javascript:window.location.href='&#x6d;&#97;&#x69;&#x6c;&#116;&#x6f;&#x3a;&#97;&#x6e;&#x61;&#46;&#x63;&#x69;s&#x6e;&#x61;l&#x40;&#117;v&#x61;&#46;e&#x73;'; return false;\"><img decoding=\"async\" src=\"\/\/www.itap.uva.es\/wp-content\/uploads\/2025\/01\/email2.webp\" class=\"center\" \/><\/a><\/td><td class=\"column-3\"><\/td>\n<\/tr>\n<tr class=\"row-6\">\n\t<td class=\"column-1\">Corona Encinas, Francisco<\/td><td class=\"column-2\"><a href=\"#\" onclick=\"javascript:window.location.href='&#109;&#x61;&#105;&#x6c;&#116;&#x6f;&#58;&#x66;&#114;&#x61;&#101;&#x6e;c&#x40;c&#x61;r&#x74;i&#x66;&#46;&#x65;s'; return false;\"><img decoding=\"async\" src=\"\/\/www.itap.uva.es\/wp-content\/uploads\/2025\/01\/email2.webp\" class=\"center\" \/><\/a><\/td><td class=\"column-3\"><a href=\"http:\/\/www.cartif.com\" target=\"_blank\" rel=\"noopener noreferrer\">CARTIF<\/a><\/td>\n<\/tr>\n<tr class=\"row-7\">\n\t<td class=\"column-1\">Cosido Cobos, \u00d3scar Jes\u00fas<\/td><td class=\"column-2\"><a href=\"#\" onclick=\"javascript:window.location.href='m&#97;&#x69;&#x6c;&#x74;o&#58;&#111;&#x73;&#x63;a&#114;&#46;&#x63;&#x6f;si&#100;&#x6f;&#x40;&#x75;p&#105;&#x6e;&#x74;&#x65;l&#108;&#105;&#x67;&#x65;n&#99;&#101;&#x2e;&#x65;s'; return false;\"><img decoding=\"async\" src=\"\/\/www.itap.uva.es\/wp-content\/uploads\/2025\/01\/email2.webp\" class=\"center\" \/><\/a><\/td><td class=\"column-3\"><a href=\"http:\/\/www.upintelligence.es\/\" target=\"_blank\" rel=\"noopener noreferrer\">UPIntelligence<\/a><\/td>\n<\/tr>\n<tr class=\"row-8\">\n\t<td class=\"column-1\">D\u00edez Rodr\u00edguez, David<\/td><td class=\"column-2\"><a href=\"#\" onclick=\"javascript:window.location.href='&#x6d;&#x61;&#x69;&#x6c;&#x74;&#x6f;&#x3a;&#x64;&#x61;&#x76;&#x64;&#x69;&#x65;&#x40;&#x63;&#x61;&#x72;&#x74;&#x69;&#x66;&#x2e;&#x65;&#115;'; return false;\"><img decoding=\"async\" src=\"\/\/www.itap.uva.es\/wp-content\/uploads\/2025\/01\/email2.webp\" class=\"center\" \/><\/a><\/td><td class=\"column-3\"><a href=\"http:\/\/www.cartif.com\" target=\"_blank\" rel=\"noopener noreferrer\">CARTIF<\/a><\/td>\n<\/tr>\n<tr class=\"row-9\">\n\t<td class=\"column-1\">Fern\u00e1ndez Ord\u00f3\u00f1ez, Guillermo<\/td><td class=\"column-2\"><a href='mailto:&#x67;&#x75;&#x69;&#x6c;&#x6c;&#x65;&#x72;&#x6d;&#x6f;&#x2e;&#x66;&#x65;&#x72;&#x6e;&#097;&#110;&#100;&#101;&#122;&#046;&#111;&#114;&#100;&#111;&#110;ez&#064;estud&#x69;&#x61;&#x6e;&#x74;&#x65;&#x73;&#x2e;&#x75;&#x76;&#x61;&#x2e;&#x65;&#x73;'><img decoding=\"async\" src=\"https:\/\/www.strudyn.uva.es\/wp-content\/uploads\/2025\/07\/email2.webp\" class=\"center\" \/><\/a><\/td><td class=\"column-3\"><a href=\"http:\/\/www.uva.es\" target=\"_blank\" rel=\"noopener noreferrer\">UVa<\/a><\/td>\n<\/tr>\n<tr class=\"row-10\">\n\t<td class=\"column-1\">Ferrero Polo, Antonio<\/td><td class=\"column-2\"><a href=\"#\" onclick=\"javascript:window.location.href='&#x6d;&#x61;&#x69;&#x6c;&#x74;&#x6f;&#x3a;&#x61;&#x6e;&#x74;&#x66;&#x65;&#x72;&#x40;&#x63;&#x61;&#x72;&#x74;&#x69;&#x66;&#x2e;&#x65;&#115;'; return false;\"><img decoding=\"async\" src=\"\/\/www.itap.uva.es\/wp-content\/uploads\/2025\/01\/email2.webp\" class=\"center\" \/><\/a><\/td><td class=\"column-3\"><a href=\"http:\/\/www.cartif.com\" target=\"_blank\" rel=\"noopener noreferrer\">CARTIF<\/a><\/td>\n<\/tr>\n<tr class=\"row-11\">\n\t<td class=\"column-1\">G\u00f3mez Mart\u00edn, Daniel<\/td><td class=\"column-2\"><a href=\"#\" onclick=\"javascript:window.location.href='&#109;&#x61;i&#x6c;t&#111;&#x3a;&#100;&#x61;n&#103;&#x6f;&#109;&#x40;c&#x61;&#x72;&#116;&#x69;f&#x2e;e&#115;'; return false;\"><img decoding=\"async\" src=\"\/\/www.itap.uva.es\/wp-content\/uploads\/2025\/01\/email2.webp\" class=\"center\" \/><\/a><\/td><td class=\"column-3\"><a href=\"http:\/\/www.cartif.com\" target=\"_blank\" rel=\"noopener noreferrer\">CARTIF<\/a><\/td>\n<\/tr>\n<tr class=\"row-12\">\n\t<td class=\"column-1\">Hidalgo Barrio, Mar\u00eda Dolores<\/td><td class=\"column-2\"><a href=\"#\" onclick=\"javascript:window.location.href='&#x6d;&#x61;&#x69;&#x6c;&#x74;&#x6f;&#x3a;&#x64;&#111;&#108;&#104;&#105;&#100;&#64;&#99;arti&#x66;&#x2e;&#x65;&#x73;'; return false;\"><img decoding=\"async\" src=\"\/\/www.itap.uva.es\/wp-content\/uploads\/2025\/01\/email2.webp\" class=\"center\" \/><\/a><\/td><td class=\"column-3\"><a href=\"http:\/\/www.cartif.com\" target=\"_blank\" rel=\"noopener noreferrer\">CARTIF<\/a><\/td>\n<\/tr>\n<tr class=\"row-13\">\n\t<td class=\"column-1\">Humanes Asensio, Jes\u00fas \u00c1ngel<\/td><td class=\"column-2\"><a href=\"#\" onclick=\"javascript:window.location.href='&#x6d;&#97;i&#x6c;&#x74;&#111;:&#x6a;&#x65;&#115;u&#x73;&#x2d;&#97;n&#x67;&#x65;&#108;&#46;&#x68;&#117;&#109;a&#x6e;&#101;s&#x40;&#x73;&#97;f&#x72;&#x61;&#110;g&#x72;&#x6f;&#117;p&#x2e;&#x63;&#111;m'; return false;\"><img decoding=\"async\" src=\"\/\/www.itap.uva.es\/wp-content\/uploads\/2025\/01\/email2.webp\" class=\"center\" \/><\/a><\/td><td class=\"column-3\"><a href=\"http:\/\/www.safran-group.com\/\/\" target=\"_blank\" rel=\"noopener noreferrer\">Safran Group<\/a><\/td>\n<\/tr>\n<tr class=\"row-14\">\n\t<td class=\"column-1\">Iglesias Pordomingo, \u00c1lvaro<\/td><td class=\"column-2\"><a href='mailto:&#x61;l&#x76;&#097;r&#x6f;&#046;&#x69;&#x67;l&#x65;&#115;i&#x61;&#115;&#x40;&#117;v&#x61;&#046;e&#x73;'><img decoding=\"async\" src=\"https:\/\/www.strudyn.uva.es\/wp-content\/uploads\/2025\/07\/email2.webp\" class=\"center\" \/><\/a><\/td><td class=\"column-3\"><a href=\"http:\/\/www.uva.es\" target=\"_blank\" rel=\"noopener noreferrer\">UVa<\/a><\/td>\n<\/tr>\n<tr class=\"row-15\">\n\t<td class=\"column-1\">Lipsa, Laurentiu Mihai<\/td><td class=\"column-2\"><a href=\"#\" onclick=\"javascript:window.location.href='&#x6d;a&#x69;l&#x74;&#111;&#x3a;&#108;i&#x70;l&#x61;&#117;&#x40;&#99;&#x61;&#114;t&#x69;f&#x2e;&#101;&#x73;'; return false;\"><img decoding=\"async\" src=\"\/\/www.itap.uva.es\/wp-content\/uploads\/2025\/01\/email2.webp\" class=\"center\" \/><\/a><\/td><td class=\"column-3\"><a href=\"http:\/\/www.cartif.com\" target=\"_blank\" rel=\"noopener noreferrer\">CARTIF<\/a><\/td>\n<\/tr>\n<tr class=\"row-16\">\n\t<td class=\"column-1\">L\u00f3pez Fern\u00e1ndez, Raquel<\/td><td class=\"column-2\"><a href=\"#\" onclick=\"javascript:window.location.href='&#x6d;&#97;i&#x6c;&#116;o&#x3a;&#114;a&#x71;&#x6c;&#111;&#x70;&#x40;&#99;a&#x72;&#116;i&#x66;&#46;e&#x73;'; return false;\"><img decoding=\"async\" src=\"\/\/www.itap.uva.es\/wp-content\/uploads\/2025\/01\/email2.webp\" class=\"center\" \/><\/a><\/td><td class=\"column-3\"><a href=\"http:\/\/www.cartif.com\" target=\"_blank\" rel=\"noopener noreferrer\">CARTIF<\/a><\/td>\n<\/tr>\n<tr class=\"row-17\">\n\t<td class=\"column-1\">Mart\u00edn Marroqu\u00edn, Jes\u00fas<\/td><td class=\"column-2\"><a href=\"#\" onclick=\"javascript:window.location.href='&#x6d;&#x61;&#105;&#108;t&#x6f;&#x3a;&#x6a;&#101;&#115;m&#x61;&#x72;&#x40;&#99;&#97;r&#x74;&#x69;&#x66;&#46;&#101;s'; return false;\"><img decoding=\"async\" src=\"\/\/www.itap.uva.es\/wp-content\/uploads\/2025\/01\/email2.webp\" class=\"center\" \/><\/a><\/td><td class=\"column-3\"><a href=\"http:\/\/www.cartif.com\" target=\"_blank\" rel=\"noopener noreferrer\">CARTIF<\/a><\/td>\n<\/tr>\n<tr class=\"row-18\">\n\t<td class=\"column-1\">Mussons Z\u00fa\u00f1iga, Mar\u00eda Luisa<\/td><td class=\"column-2\"><a href=\"#\" onclick=\"javascript:window.location.href='&#109;a&#105;l&#116;o&#x3a;m&#x61;r&#x6d;u&#x73;&#64;&#x63;a&#x72;t&#x69;f&#x2e;e&#x73;'; return false;\"><img decoding=\"async\" src=\"\/\/www.itap.uva.es\/wp-content\/uploads\/2025\/01\/email2.webp\" class=\"center\" \/><\/a><\/td><td class=\"column-3\"><a href=\"http:\/\/www.cartif.com\" target=\"_blank\" rel=\"noopener noreferrer\">CARTIF<\/a><\/td>\n<\/tr>\n<tr class=\"row-19\">\n\t<td class=\"column-1\">Pereda Llamas, Jos\u00e9<\/td><td class=\"column-2\"><a href=\"#\" onclick=\"javascript:window.location.href='mailto&#58;&#106;&#111;&#115;&#101;&#46;&#112;&#x65;&#x72;&#x65;&#x64;&#x61;&#x40;&#x67;&#x6c;&#x75;&#x6f;&#x6e;&#x68;q&#46;coms'; return false;\"><img decoding=\"async\" src=\"\/\/www.itap.uva.es\/wp-content\/uploads\/2025\/01\/email2.webp\" class=\"center\" \/><\/a><\/td><td class=\"column-3\"><a href=\"http:\/\/www.gluonhq.com\" target=\"_blank\" rel=\"noopener noreferrer\">Gluon<\/a><\/td>\n<\/tr>\n<tr class=\"row-20\">\n\t<td class=\"column-1\">Pi\u00f1ero Hernanz, Ra\u00fal<\/td><td class=\"column-2\"><a href=\"#\" onclick=\"javascript:window.location.href='m&#97;&#105;&#x6c;&#x74;&#x6f;:&#114;&#97;&#x75;&#x70;&#x69;n&#64;&#99;&#x61;&#x72;&#x74;if&#46;&#101;&#x73;'; return false;\"><img decoding=\"async\" src=\"\/\/www.itap.uva.es\/wp-content\/uploads\/2025\/01\/email2.webp\" class=\"center\" \/><\/a><\/td><td class=\"column-3\"><a href=\"http:\/\/www.cartif.com\" target=\"_blank\" rel=\"noopener noreferrer\">CARTIF<\/a><\/td>\n<\/tr>\n<tr class=\"row-21\">\n\t<td class=\"column-1\">San Norberto Garc\u00eda, Enrique<\/td><td class=\"column-2\"><a href=\"#\" onclick=\"javascript:window.location.href='&#x6d;&#x61;&#105;&#108;to&#x3a;&#x65;&#x6e;&#114;iq&#x75;&#x65;&#x6d;&#97;&#114;i&#x61;&#x2e;&#x73;&#97;&#110;-&#x6e;&#x6f;&#x72;&#98;&#101;rt&#x6f;&#x40;&#x75;&#118;a&#46;&#x65;&#x73;'; return false;\"><img decoding=\"async\" src=\"\/\/www.itap.uva.es\/wp-content\/uploads\/2025\/01\/email2.webp\" class=\"center\" \/><\/a><\/td><td class=\"column-3\"><a href=\"https:\/\/www.saludcastillayleon.es\/HCUValladolid\/es\" target=\"_blank\" rel=\"noopener noreferrer\">HCUV<\/a><\/td>\n<\/tr>\n<tr class=\"row-22\">\n\t<td class=\"column-1\">Urue\u00f1a Leal, Ana<\/td><td class=\"column-2\"><a href=\"#\" onclick=\"javascript:window.location.href='mailto:a&#110;&#97;&#117;&#114;&#117;&#64;&#99;&#97;&#114;&#116;&#x69;&#x66;&#x2e;&#x65;&#x73;'; return false;\"><img decoding=\"async\" src=\"\/\/www.itap.uva.es\/wp-content\/uploads\/2025\/01\/email2.webp\" class=\"center\" \/><\/a><\/td><td class=\"column-3\"><a href=\"http:\/\/www.cartif.com\" target=\"_blank\" rel=\"noopener noreferrer\">CARTIF<\/a><\/td>\n<\/tr>\n<tr class=\"row-23\">\n\t<td class=\"column-1\">Vasallo Belver, Ali<\/td><td class=\"column-2\"><a href=\"#\" onclick=\"javascript:window.location.href='&#109;&#x61;&#105;&#x6c;t&#x6f;:&#97;&#x6c;&#105;&#x76;a&#x73;&#64;&#99;&#x61;&#114;&#x74;i&#x66;&#46;&#101;&#x73;'; return false;\"><img decoding=\"async\" src=\"\/\/www.itap.uva.es\/wp-content\/uploads\/2025\/01\/email2.webp\" class=\"center\" \/><\/a><\/td><td class=\"column-3\"><a href=\"http:\/\/www.cartif.com\" target=\"_blank\" rel=\"noopener noreferrer\">CARTIF<\/a><\/td>\n<\/tr>\n<tr class=\"row-24\">\n\t<td class=\"column-1\"><\/td><td class=\"column-2\"><\/td><td class=\"column-3\"><\/td>\n<\/tr>\n<\/tbody>\n<\/table>\n<!-- #tablepress-2 from cache --><\/p>\t\t\t\t\t\t\t\t<\/div>\n\t\t\t\t<\/div>\n\t\t\t\t<div data-ka-cursor-size=\"1\" class=\"elementor-element elementor-element-e041361 elementor-widget elementor-widget-image\" data-id=\"e041361\" data-element_type=\"widget\" data-e-type=\"widget\" data-settings=\"{&quot;kng_cursor_interaction&quot;:&quot;default&quot;,&quot;kng_cursor_magnetic&quot;:&quot;none&quot;,&quot;kng_cursor_size_multiplier&quot;:{&quot;unit&quot;:&quot;px&quot;,&quot;size&quot;:1,&quot;sizes&quot;:[]}}\" data-widget_type=\"image.default\">\n\t\t\t\t<div class=\"elementor-widget-container\">\n\t\t\t\t\t\t\t\t\t\t\t\t\t\t\t<img fetchpriority=\"high\" decoding=\"async\" width=\"857\" height=\"65\" src=\"https:\/\/www.itap.uva.es\/wp-content\/uploads\/2025\/01\/banda.jpg\" class=\"attachment-large size-large wp-image-489\" alt=\"\" srcset=\"https:\/\/www.itap.uva.es\/wp-content\/uploads\/2025\/01\/banda.jpg 857w, https:\/\/www.itap.uva.es\/wp-content\/uploads\/2025\/01\/banda-300x23.jpg 300w, https:\/\/www.itap.uva.es\/wp-content\/uploads\/2025\/01\/banda-768x58.jpg 768w, https:\/\/www.itap.uva.es\/wp-content\/uploads\/2025\/01\/banda-18x1.jpg 18w\" sizes=\"(max-width: 857px) 100vw, 857px\" \/>\t\t\t\t\t\t\t\t\t\t\t\t\t\t\t<\/div>\n\t\t\t\t<\/div>\n\t\t\t\t\t<\/div>\n\t\t\t\t<\/div>\n\t\t\t\t<\/div>","protected":false},"excerpt":{"rendered":"<p>Collaborating members<\/p>","protected":false},"author":1,"featured_media":0,"parent":0,"menu_order":0,"comment_status":"closed","ping_status":"closed","template":"","meta":{"site-sidebar-layout":"no-sidebar","site-content-layout":"","ast-site-content-layout":"full-width-container","site-content-style":"default","site-sidebar-style":"default","ast-global-header-display":"","ast-banner-title-visibility":"","ast-main-header-display":"","ast-hfb-above-header-display":"","ast-hfb-below-header-display":"","ast-hfb-mobile-header-display":"","site-post-title":"disabled","ast-breadcrumbs-content":"","ast-featured-img":"disabled","footer-sml-layout":"","ast-disable-related-posts":"","theme-transparent-header-meta":"","adv-header-id-meta":"","stick-header-meta":"","header-above-stick-meta":"","header-main-stick-meta":"","header-below-stick-meta":"","astra-migrate-meta-layouts":"default","ast-page-background-enabled":"default","ast-page-background-meta":{"desktop":{"background-color":"var(--ast-global-color-5)","background-image":"","background-repeat":"repeat","background-position":"center center","background-size":"auto","background-attachment":"scroll","background-type":"","background-media":"","overlay-type":"","overlay-color":"","overlay-opacity":"","overlay-gradient":""},"tablet":{"background-color":"","background-image":"","background-repeat":"repeat","background-position":"center center","background-size":"auto","background-attachment":"scroll","background-type":"","background-media":"","overlay-type":"","overlay-color":"","overlay-opacity":"","overlay-gradient":""},"mobile":{"background-color":"","background-image":"","background-repeat":"repeat","background-position":"center center","background-size":"auto","background-attachment":"scroll","background-type":"","background-media":"","overlay-type":"","overlay-color":"","overlay-opacity":"","overlay-gradient":""}},"ast-content-background-meta":{"desktop":{"background-color":"var(--ast-global-color-4)","background-image":"","background-repeat":"repeat","background-position":"center center","background-size":"auto","background-attachment":"scroll","background-type":"","background-media":"","overlay-type":"","overlay-color":"","overlay-opacity":"","overlay-gradient":""},"tablet":{"background-color":"var(--ast-global-color-4)","background-image":"","background-repeat":"repeat","background-position":"center center","background-size":"auto","background-attachment":"scroll","background-type":"","background-media":"","overlay-type":"","overlay-color":"","overlay-opacity":"","overlay-gradient":""},"mobile":{"background-color":"var(--ast-global-color-4)","background-image":"","background-repeat":"repeat","background-position":"center center","background-size":"auto","background-attachment":"scroll","background-type":"","background-media":"","overlay-type":"","overlay-color":"","overlay-opacity":"","overlay-gradient":""}},"footnotes":""},"class_list":["post-448","page","type-page","status-publish","hentry"],"_links":{"self":[{"href":"https:\/\/www.itap.uva.es\/en\/wp-json\/wp\/v2\/pages\/448","targetHints":{"allow":["GET"]}}],"collection":[{"href":"https:\/\/www.itap.uva.es\/en\/wp-json\/wp\/v2\/pages"}],"about":[{"href":"https:\/\/www.itap.uva.es\/en\/wp-json\/wp\/v2\/types\/page"}],"author":[{"embeddable":true,"href":"https:\/\/www.itap.uva.es\/en\/wp-json\/wp\/v2\/users\/1"}],"replies":[{"embeddable":true,"href":"https:\/\/www.itap.uva.es\/en\/wp-json\/wp\/v2\/comments?post=448"}],"version-history":[{"count":3,"href":"https:\/\/www.itap.uva.es\/en\/wp-json\/wp\/v2\/pages\/448\/revisions"}],"predecessor-version":[{"id":7705,"href":"https:\/\/www.itap.uva.es\/en\/wp-json\/wp\/v2\/pages\/448\/revisions\/7705"}],"wp:attachment":[{"href":"https:\/\/www.itap.uva.es\/en\/wp-json\/wp\/v2\/media?parent=448"}],"curies":[{"name":"wp","href":"https:\/\/api.w.org\/{rel}","templated":true}]}}