{"id":487,"date":"2025-01-23T14:25:55","date_gmt":"2025-01-23T13:25:55","guid":{"rendered":"http:\/\/www.itap.uva.es\/?page_id=487"},"modified":"2026-04-09T18:29:23","modified_gmt":"2026-04-09T16:29:23","slug":"organacad","status":"publish","type":"page","link":"https:\/\/www.itap.uva.es\/en\/organacad\/","title":{"rendered":"Academic organization chart and commissions"},"content":{"rendered":"<div data-elementor-type=\"wp-page\" data-elementor-id=\"487\" class=\"elementor elementor-487\">\n\t\t\t\t<div data-ka-cursor-size=\"1\" class=\"elementor-element elementor-element-e0ea87c e-flex e-con-boxed e-con e-parent\" data-id=\"e0ea87c\" data-element_type=\"container\" data-e-type=\"container\" data-settings=\"{&quot;kng_cursor_interaction&quot;:&quot;default&quot;,&quot;kng_cursor_magnetic&quot;:&quot;none&quot;,&quot;kng_cursor_size_multiplier&quot;:{&quot;unit&quot;:&quot;px&quot;,&quot;size&quot;:1,&quot;sizes&quot;:[]}}\">\n\t\t\t\t\t<div class=\"e-con-inner\">\n\t\t<div data-ka-cursor-size=\"1\" class=\"elementor-element elementor-element-69ba748 e-con-full e-flex e-con e-child\" data-id=\"69ba748\" data-element_type=\"container\" data-e-type=\"container\" data-settings=\"{&quot;kng_cursor_interaction&quot;:&quot;default&quot;,&quot;kng_cursor_magnetic&quot;:&quot;none&quot;,&quot;kng_cursor_size_multiplier&quot;:{&quot;unit&quot;:&quot;px&quot;,&quot;size&quot;:1,&quot;sizes&quot;:[]}}\">\n\t\t<div data-ka-cursor-size=\"1\" class=\"elementor-element elementor-element-2d3d451 e-con-full e-flex e-con e-child\" data-id=\"2d3d451\" data-element_type=\"container\" data-e-type=\"container\" data-settings=\"{&quot;kng_cursor_interaction&quot;:&quot;default&quot;,&quot;kng_cursor_magnetic&quot;:&quot;none&quot;,&quot;kng_cursor_size_multiplier&quot;:{&quot;unit&quot;:&quot;px&quot;,&quot;size&quot;:1,&quot;sizes&quot;:[]}}\">\n\t\t<div data-ka-cursor-size=\"1\" class=\"elementor-element elementor-element-b80009f e-flex e-con-boxed e-con e-child\" data-id=\"b80009f\" data-element_type=\"container\" data-e-type=\"container\" data-settings=\"{&quot;kng_cursor_interaction&quot;:&quot;default&quot;,&quot;kng_cursor_magnetic&quot;:&quot;none&quot;,&quot;kng_cursor_size_multiplier&quot;:{&quot;unit&quot;:&quot;px&quot;,&quot;size&quot;:1,&quot;sizes&quot;:[]}}\">\n\t\t\t\t\t<div class=\"e-con-inner\">\n\t\t\t\t<div data-ka-cursor-size=\"1\" class=\"elementor-element elementor-element-62a7c3e elementor-widget elementor-widget-text-editor\" data-id=\"62a7c3e\" data-element_type=\"widget\" data-e-type=\"widget\" data-settings=\"{&quot;kng_cursor_interaction&quot;:&quot;default&quot;,&quot;kng_cursor_magnetic&quot;:&quot;none&quot;,&quot;kng_cursor_size_multiplier&quot;:{&quot;unit&quot;:&quot;px&quot;,&quot;size&quot;:1,&quot;sizes&quot;:[]}}\" data-widget_type=\"text-editor.default\">\n\t\t\t\t<div class=\"elementor-widget-container\">\n\t\t\t\t\t\t\t\t\t<h1>Academic organization chart and commissions<\/h1>\t\t\t\t\t\t\t\t<\/div>\n\t\t\t\t<\/div>\n\t\t\t\t\t<\/div>\n\t\t\t\t<\/div>\n\t\t\t\t<\/div>\n\t\t\t\t<\/div>\n\t\t\t\t\t<\/div>\n\t\t\t\t<\/div>\n\t\t<div data-ka-cursor-size=\"1\" class=\"elementor-element elementor-element-0177934 e-flex e-con-boxed e-con e-parent\" data-id=\"0177934\" data-element_type=\"container\" data-e-type=\"container\" data-settings=\"{&quot;kng_cursor_interaction&quot;:&quot;default&quot;,&quot;kng_cursor_magnetic&quot;:&quot;none&quot;,&quot;kng_cursor_size_multiplier&quot;:{&quot;unit&quot;:&quot;px&quot;,&quot;size&quot;:1,&quot;sizes&quot;:[]}}\">\n\t\t\t\t\t<div class=\"e-con-inner\">\n\t\t\t\t<div data-ka-cursor-size=\"1\" class=\"elementor-element elementor-element-4ecc1d7 elementor-widget elementor-widget-text-editor\" data-id=\"4ecc1d7\" data-element_type=\"widget\" data-e-type=\"widget\" data-settings=\"{&quot;kng_cursor_interaction&quot;:&quot;default&quot;,&quot;kng_cursor_magnetic&quot;:&quot;none&quot;,&quot;kng_cursor_size_multiplier&quot;:{&quot;unit&quot;:&quot;px&quot;,&quot;size&quot;:1,&quot;sizes&quot;:[]}}\" data-widget_type=\"text-editor.default\">\n\t\t\t\t<div class=\"elementor-widget-container\">\n\t\t\t\t\t\t\t\t\t<p><img fetchpriority=\"high\" decoding=\"async\" class=\"size-medium aligncenter\" src=\"\/\/www.itap.uva.es\/wp-content\/uploads\/2025\/01\/banda.jpg\" alt=\"\" width=\"857\" height=\"65\" \/><\/p><p>The institute's council is made up of three bodies. The teaching body, which represents 60% of the total, is made up of all the academic members of the institute. The administration and services staff is represented by the following members:<\/p><ul><li>Fern\u00e1ndez Viz\u00e1n, Jes\u00fas<\/li><li>Mansilla Gonz\u00e1lez, Juan Jes\u00fas<\/li><li>Tirado Garc\u00eda, Irene<\/li><\/ul><p>Finally, students associated with the institute are considered to be all those enrolled in a doctorate and whose directors or tutors are academic members of the institute. Its current representatives on the institute council are:<\/p><ul><li><p>Abarz\u00faa Calfuquir, Yohanna In\u00e9s<\/p><\/li><li><p>Alonso Alonso,\u00a0 Rub\u00e9n<\/p><\/li><li><p>\u00c1lvarez Urue\u00f1a, Alonso<\/p><\/li><li><p>Barrientos Garc\u00eda, Francisco Javier<\/p><\/li><li><p><span style=\"font-size: 16px;\">Beneyto Rodr\u00edguez, Alicia<\/span><\/p><\/li><li><p>Borroy Vicente, Samuel<\/p><\/li><li><p>Boubkari, Asmae<\/p><\/li><li><p>Fern\u00e1ndez Ord\u00f3\u00f1ez, Guillermo<\/p><\/li><li><p>Fern\u00e1ndez Villar, Borja<\/p><\/li><li><p>Font\u00farbel Mediavilla, Carlos<\/p><\/li><li><p>Garc\u00eda Garc\u00eda, Carmen Amparo<\/p><\/li><li><p>Garc\u00eda G\u00f3mez, Miguel<\/p><\/li><li><p>Gonz\u00e1lez S\u00e1nchez, Carlos<\/p><\/li><li><p>Iglesias Pordomingo, \u00c1lvaro<\/p><\/li><li><p>Lafuente Cacho, Marta<\/p><\/li><li><p>Mart\u00edn Crespo, Alejandro<\/p><\/li><li><p>Merino Fidalgo, Sergio<\/p><\/li><li><p>Monsalve Solar, Jorge Am\u00e9rico<\/p><\/li><li><p>Moreno San Juan, V\u00edctor<\/p><\/li><li><p>Prieto Bartolom\u00e9, \u00c1lvaro<\/p><\/li><li><p>Redondo Plaza, Alberto Gregorio<\/p><\/li><li><p>Robles Mart\u00ednez, V\u00edctor<\/p><\/li><li><p>Rodr\u00edguez Carro, Sergio<\/p><\/li><li><p>Rodr\u00edguez Cea, \u00c1ngel Iv\u00e1n<\/p><\/li><li><p>S\u00e1nchez Boyero, Domingo<\/p><\/li><li><p>S\u00e1nchez-Gir\u00f3n Coca, Celia<\/p><\/li><li><p>Trist\u00e1n Gago, David<\/p><\/li><li><p>Velasco Bonilla, Amy Zulema<\/p><\/li><li><p>Youssef Ahmed, Nada<\/p><\/li><\/ul><p><img decoding=\"async\" class=\"aligncenter\" src=\"\/\/www.itap.uva.es\/wp-content\/uploads\/2025\/01\/banda.jpg\" alt=\"\" width=\"836\" height=\"89\" \/><\/p><p class=\"translation-block\">Apart from the <strong>Permanent Commission<\/strong> (made up of the secretary and director), the institute has the following commissions:<\/p><p><strong>Economic commission<\/strong><\/p><ul><li>P\u00e9rez Rueda, M\u00aa. \u00c1ngeles<\/li><li>P\u00e9rez Turiel, Javier<\/li><li>Arroyo G\u00f3mez, Yolanda<\/li><li>Zalama Casanova, Eduardo<\/li><li>Secretario y Director<\/li><\/ul><p><strong>R&amp;D&amp;I Commission:<\/strong><\/p><ul><li>Arroyo G\u00f3mez, Yolanda<\/li><li>Baeyens L\u00e1zaro, Enrique<\/li><li>G\u00f3mez Garc\u00eda-Bermejo, Jaime<\/li><li>Moya de la Torre, Eduardo<\/li><li>Secretario y Director<\/li><\/ul><p><strong>Electoral Commission:<\/strong><\/p><ul><li>Fern\u00e1ndez Villar, Borja<\/li><li>Fuente L\u00f3pez, Eusebio de la<\/li><li>Fern\u00e1ndez Viz\u00e1n, Jes\u00fas<\/li><li>Secretario<\/li><\/ul>\t\t\t\t\t\t\t\t<\/div>\n\t\t\t\t<\/div>\n\t\t<div data-ka-cursor-size=\"1\" class=\"elementor-element elementor-element-81717c5 e-con-full e-flex e-con e-child\" data-id=\"81717c5\" data-element_type=\"container\" data-e-type=\"container\" data-settings=\"{&quot;kng_cursor_interaction&quot;:&quot;default&quot;,&quot;kng_cursor_magnetic&quot;:&quot;none&quot;,&quot;kng_cursor_size_multiplier&quot;:{&quot;unit&quot;:&quot;px&quot;,&quot;size&quot;:1,&quot;sizes&quot;:[]}}\">\n\t\t<div data-ka-cursor-size=\"1\" class=\"elementor-element elementor-element-5ff446b e-con-full e-flex e-con e-child\" data-id=\"5ff446b\" data-element_type=\"container\" data-e-type=\"container\" data-settings=\"{&quot;kng_cursor_interaction&quot;:&quot;default&quot;,&quot;kng_cursor_magnetic&quot;:&quot;none&quot;,&quot;kng_cursor_size_multiplier&quot;:{&quot;unit&quot;:&quot;px&quot;,&quot;size&quot;:1,&quot;sizes&quot;:[]}}\">\n\t\t<div data-ka-cursor-size=\"1\" class=\"elementor-element elementor-element-ccfab62 e-con-full e-flex e-con e-child\" data-id=\"ccfab62\" data-element_type=\"container\" data-e-type=\"container\" data-settings=\"{&quot;kng_cursor_interaction&quot;:&quot;default&quot;,&quot;kng_cursor_magnetic&quot;:&quot;none&quot;,&quot;kng_cursor_size_multiplier&quot;:{&quot;unit&quot;:&quot;px&quot;,&quot;size&quot;:1,&quot;sizes&quot;:[]}}\">\n\t\t<div data-ka-cursor-size=\"1\" class=\"elementor-element elementor-element-eec518f e-flex e-con-boxed e-con e-child\" data-id=\"eec518f\" data-element_type=\"container\" data-e-type=\"container\" data-settings=\"{&quot;kng_cursor_interaction&quot;:&quot;default&quot;,&quot;kng_cursor_magnetic&quot;:&quot;none&quot;,&quot;kng_cursor_size_multiplier&quot;:{&quot;unit&quot;:&quot;px&quot;,&quot;size&quot;:1,&quot;sizes&quot;:[]}}\">\n\t\t\t\t\t<div class=\"e-con-inner\">\n\t\t\t\t\t<\/div>\n\t\t\t\t<\/div>\n\t\t\t\t<\/div>\n\t\t\t\t<\/div>\n\t\t\t\t<\/div>\n\t\t\t\t\t<\/div>\n\t\t\t\t<\/div>\n\t\t<div data-ka-cursor-size=\"1\" class=\"elementor-element elementor-element-652c165 e-flex e-con-boxed e-con e-parent\" data-id=\"652c165\" data-element_type=\"container\" data-e-type=\"container\" data-settings=\"{&quot;kng_cursor_interaction&quot;:&quot;default&quot;,&quot;kng_cursor_magnetic&quot;:&quot;none&quot;,&quot;kng_cursor_size_multiplier&quot;:{&quot;unit&quot;:&quot;px&quot;,&quot;size&quot;:1,&quot;sizes&quot;:[]}}\">\n\t\t\t\t\t<div class=\"e-con-inner\">\n\t\t\t\t<div data-ka-cursor-size=\"1\" class=\"elementor-element elementor-element-d69a3ff elementor-widget elementor-widget-image\" data-id=\"d69a3ff\" data-element_type=\"widget\" data-e-type=\"widget\" data-settings=\"{&quot;kng_cursor_interaction&quot;:&quot;default&quot;,&quot;kng_cursor_magnetic&quot;:&quot;none&quot;,&quot;kng_cursor_size_multiplier&quot;:{&quot;unit&quot;:&quot;px&quot;,&quot;size&quot;:1,&quot;sizes&quot;:[]}}\" data-widget_type=\"image.default\">\n\t\t\t\t<div class=\"elementor-widget-container\">\n\t\t\t\t\t\t\t\t\t\t\t\t\t\t\t<img decoding=\"async\" width=\"857\" height=\"65\" src=\"https:\/\/www.itap.uva.es\/wp-content\/uploads\/2025\/01\/banda.jpg\" class=\"attachment-large size-large wp-image-489\" alt=\"\" srcset=\"https:\/\/www.itap.uva.es\/wp-content\/uploads\/2025\/01\/banda.jpg 857w, https:\/\/www.itap.uva.es\/wp-content\/uploads\/2025\/01\/banda-300x23.jpg 300w, https:\/\/www.itap.uva.es\/wp-content\/uploads\/2025\/01\/banda-768x58.jpg 768w, https:\/\/www.itap.uva.es\/wp-content\/uploads\/2025\/01\/banda-18x1.jpg 18w\" sizes=\"(max-width: 857px) 100vw, 857px\" \/>\t\t\t\t\t\t\t\t\t\t\t\t\t\t\t<\/div>\n\t\t\t\t<\/div>\n\t\t\t\t\t<\/div>\n\t\t\t\t<\/div>\n\t\t\t\t<\/div>","protected":false},"excerpt":{"rendered":"<p>Organigrama acad\u00e9mico y comisiones El consejo del instituto se compone de tres cuerpos. El cuerpo de profesores, que supone el [&hellip;]<\/p>\n","protected":false},"author":1,"featured_media":0,"parent":0,"menu_order":0,"comment_status":"closed","ping_status":"closed","template":"","meta":{"site-sidebar-layout":"no-sidebar","site-content-layout":"","ast-site-content-layout":"full-width-container","site-content-style":"default","site-sidebar-style":"default","ast-global-header-display":"","ast-banner-title-visibility":"","ast-main-header-display":"","ast-hfb-above-header-display":"","ast-hfb-below-header-display":"","ast-hfb-mobile-header-display":"","site-post-title":"disabled","ast-breadcrumbs-content":"","ast-featured-img":"disabled","footer-sml-layout":"","ast-disable-related-posts":"","theme-transparent-header-meta":"","adv-header-id-meta":"","stick-header-meta":"","header-above-stick-meta":"","header-main-stick-meta":"","header-below-stick-meta":"","astra-migrate-meta-layouts":"default","ast-page-background-enabled":"default","ast-page-background-meta":{"desktop":{"background-color":"var(--ast-global-color-5)","background-image":"","background-repeat":"repeat","background-position":"center center","background-size":"auto","background-attachment":"scroll","background-type":"","background-media":"","overlay-type":"","overlay-color":"","overlay-opacity":"","overlay-gradient":""},"tablet":{"background-color":"","background-image":"","background-repeat":"repeat","background-position":"center center","background-size":"auto","background-attachment":"scroll","background-type":"","background-media":"","overlay-type":"","overlay-color":"","overlay-opacity":"","overlay-gradient":""},"mobile":{"background-color":"","background-image":"","background-repeat":"repeat","background-position":"center center","background-size":"auto","background-attachment":"scroll","background-type":"","background-media":"","overlay-type":"","overlay-color":"","overlay-opacity":"","overlay-gradient":""}},"ast-content-background-meta":{"desktop":{"background-color":"var(--ast-global-color-4)","background-image":"","background-repeat":"repeat","background-position":"center center","background-size":"auto","background-attachment":"scroll","background-type":"","background-media":"","overlay-type":"","overlay-color":"","overlay-opacity":"","overlay-gradient":""},"tablet":{"background-color":"var(--ast-global-color-4)","background-image":"","background-repeat":"repeat","background-position":"center center","background-size":"auto","background-attachment":"scroll","background-type":"","background-media":"","overlay-type":"","overlay-color":"","overlay-opacity":"","overlay-gradient":""},"mobile":{"background-color":"var(--ast-global-color-4)","background-image":"","background-repeat":"repeat","background-position":"center center","background-size":"auto","background-attachment":"scroll","background-type":"","background-media":"","overlay-type":"","overlay-color":"","overlay-opacity":"","overlay-gradient":""}},"footnotes":""},"class_list":["post-487","page","type-page","status-publish","hentry"],"_links":{"self":[{"href":"https:\/\/www.itap.uva.es\/en\/wp-json\/wp\/v2\/pages\/487","targetHints":{"allow":["GET"]}}],"collection":[{"href":"https:\/\/www.itap.uva.es\/en\/wp-json\/wp\/v2\/pages"}],"about":[{"href":"https:\/\/www.itap.uva.es\/en\/wp-json\/wp\/v2\/types\/page"}],"author":[{"embeddable":true,"href":"https:\/\/www.itap.uva.es\/en\/wp-json\/wp\/v2\/users\/1"}],"replies":[{"embeddable":true,"href":"https:\/\/www.itap.uva.es\/en\/wp-json\/wp\/v2\/comments?post=487"}],"version-history":[{"count":6,"href":"https:\/\/www.itap.uva.es\/en\/wp-json\/wp\/v2\/pages\/487\/revisions"}],"predecessor-version":[{"id":7717,"href":"https:\/\/www.itap.uva.es\/en\/wp-json\/wp\/v2\/pages\/487\/revisions\/7717"}],"wp:attachment":[{"href":"https:\/\/www.itap.uva.es\/en\/wp-json\/wp\/v2\/media?parent=487"}],"curies":[{"name":"wp","href":"https:\/\/api.w.org\/{rel}","templated":true}]}}