{"id":808,"date":"2025-01-30T18:39:06","date_gmt":"2025-01-30T17:39:06","guid":{"rendered":"http:\/\/www.itap.uva.es\/?page_id=808"},"modified":"2026-04-09T18:34:12","modified_gmt":"2026-04-09T16:34:12","slug":"proyinves","status":"publish","type":"page","link":"https:\/\/www.itap.uva.es\/en\/proyinves\/","title":{"rendered":"Research projects"},"content":{"rendered":"<div data-elementor-type=\"wp-page\" data-elementor-id=\"808\" class=\"elementor elementor-808\">\n\t\t\t\t<div data-ka-cursor-size=\"1\" class=\"elementor-element elementor-element-90bbec7 e-flex e-con-boxed e-con e-parent\" data-id=\"90bbec7\" data-element_type=\"container\" data-e-type=\"container\" data-settings=\"{&quot;kng_cursor_interaction&quot;:&quot;default&quot;,&quot;kng_cursor_magnetic&quot;:&quot;none&quot;,&quot;kng_cursor_size_multiplier&quot;:{&quot;unit&quot;:&quot;px&quot;,&quot;size&quot;:1,&quot;sizes&quot;:[]}}\">\n\t\t\t\t\t<div class=\"e-con-inner\">\n\t\t\t\t<div data-ka-cursor-size=\"1\" class=\"elementor-element elementor-element-fc6f1e2 elementor-widget elementor-widget-text-editor\" data-id=\"fc6f1e2\" data-element_type=\"widget\" data-e-type=\"widget\" data-settings=\"{&quot;kng_cursor_interaction&quot;:&quot;default&quot;,&quot;kng_cursor_magnetic&quot;:&quot;none&quot;,&quot;kng_cursor_size_multiplier&quot;:{&quot;unit&quot;:&quot;px&quot;,&quot;size&quot;:1,&quot;sizes&quot;:[]}}\" data-widget_type=\"text-editor.default\">\n\t\t\t\t<div class=\"elementor-widget-container\">\n\t\t\t\t\t\t\t\t\t<h1>Research projects<\/h1>\t\t\t\t\t\t\t\t<\/div>\n\t\t\t\t<\/div>\n\t\t\t\t<div data-ka-cursor-size=\"1\" class=\"elementor-element elementor-element-17acdd1 elementor-widget elementor-widget-text-editor\" data-id=\"17acdd1\" data-element_type=\"widget\" data-e-type=\"widget\" data-settings=\"{&quot;kng_cursor_interaction&quot;:&quot;default&quot;,&quot;kng_cursor_magnetic&quot;:&quot;none&quot;,&quot;kng_cursor_size_multiplier&quot;:{&quot;unit&quot;:&quot;px&quot;,&quot;size&quot;:1,&quot;sizes&quot;:[]}}\" data-widget_type=\"text-editor.default\">\n\t\t\t\t<div class=\"elementor-widget-container\">\n\t\t\t\t\t\t\t\t\t<p>\u00a0<\/p>\n<p><img fetchpriority=\"high\" decoding=\"async\" class=\"size-medium aligncenter\" src=\"\/\/www.itap.uva.es\/wp-content\/uploads\/2025\/02\/banner4.gif\" alt=\"\" width=\"1200\" height=\"319\" \/><\/p>\n<p><!-- \/wp:image --><\/p>\n<p><!-- wp:paragraph --><\/p>\n<p>The research projects, funded through competitive calls, that are being worked on are:<\/p>\n<p><!-- \/wp:paragraph --><\/p>\n<p><!-- wp:shortcode --><br \/>\n<table id=\"tablepress-7\" class=\"tablepress tablepress-id-7\">\n<thead>\n<tr class=\"row-1\">\n\t<th class=\"column-1\">Title<\/th><th class=\"column-2\">Referencia<\/th>\n<\/tr>\n<\/thead>\n<tbody class=\"row-striping row-hover\">\n<tr class=\"row-2\">\n\t<td class=\"column-1\"><a href=\"\/\/www.itap.uva.es\/en\/EIAROB\/\">Ecosistema de Inteligencia Ambiental para el apoyo a los cuidados de larga duraci\u00f3n en el hogar mediante uso de robots sociales. <\/a><br \/>\n<\/td><td class=\"column-2\"><a href=\"\/\/www.itap.uva.es\/en\/EIAROB\/\">EIAROB<\/a><\/td>\n<\/tr>\n<tr class=\"row-3\">\n\t<td class=\"column-1\"><a href=\"\/\/www.itap.uva.es\/en\/PID2021-123020OB-I00\/\">Rob\u00f3tica Social para el Cuidado de personas Mayores en el \u00e1mbito del  hogar (ROSOGAR).<\/a><\/td><td class=\"column-2\"><a href=\"\/\/www.itap.uva.es\/en\/PID2021-123020OB-I00\/\">PID2021-123020OB-I00<\/a> <\/td>\n<\/tr>\n<tr class=\"row-4\">\n\t<td class=\"column-1\"><a href=\"\/\/www.itap.uva.es\/en\/UVa_TERECEN\/\">Tecnolog\u00edas de climatizaci\u00f3n eficientes y renovables en el campus de la UVa. Hacia edificios de consumo energ\u00e9tico casi nulo. <\/a><\/td><td class=\"column-2\"><a href=\"\/\/www.itap.uva.es\/en\/UVa_TERECEN\/\">UVa_TERECEN<\/a><\/td>\n<\/tr>\n<tr class=\"row-5\">\n\t<td class=\"column-1\"><a href=\"\/\/www.itap.uva.es\/en\/TED2021-129652A-C22\/\">Decarbonisation of tertiary buildings. Optimisation of the control and operation of heat recovery units, evaporative cooling and ground-air heat exchangers. <\/td><td class=\"column-2\"><a href=\"\/\/www.itap.uva.es\/en\/TED2021-129652A-C22\/\">TED2021-129652A-C22<\/a><\/td>\n<\/tr>\n<tr class=\"row-6\">\n\t<td class=\"column-1\"><a href=\"https:\/\/portaldelaciencia.uva.es\/proyectos\/819236\/detalle\" target=\"_blank\">TECNOLOG\u00cdAS DIGITALES DE BAJO COSTE (MEMS), IOT E IA, PARA EL CONTROL REMOTO DE LA SALUD DE LAS ESTRUCTURAS DE MADERA EN EL PATRIMONIO CULTURAL | Financiaci\u00f3n &#8211; Universidad de Valladolid.<\/a><\/td><td class=\"column-2\"><a href=\"https:\/\/portaldelaciencia.uva.es\/proyectos\/819236\/detalle\" target=\"_blank\">VA134P24<\/a><\/td>\n<\/tr>\n<tr class=\"row-7\">\n\t<td class=\"column-1\"><a href=\"https:\/\/portaldelaciencia.uva.es\/proyectos\/634072\/detalle\" target=\"-blank\">DESARROLLO DE UN SISTEMA AUT\u00d3NOMO PARA LA EVALUACI\u00d3N DIN\u00c1MICA DE ESTRUCTURAS ESBELTAS: UN ENFOQUE H\u00cdBRIDO DESDE EL DISE\u00d1O HASTA LA CONSERVACI\u00d3N | Financiaci\u00f3n &#8211; Universidad de Valladolid.<\/a><\/td><td class=\"column-2\"><a href=\"https:\/\/portaldelaciencia.uva.es\/proyectos\/634072\/detalle\" target=\"-blank\">PID2022-140117NB-I00 (DAS)2<\/a><\/td>\n<\/tr>\n<\/tbody>\n<\/table>\n<br \/><!-- \/wp:shortcode --><\/p>\n<p>Other competitive projects corresponding to previous calls are indicated in the following list:<\/p>\n<p><!-- \/wp:paragraph --><\/p>\n<p><!-- wp:shortcode --><br \/>\n<table id=\"tablepress-8\" class=\"tablepress tablepress-id-8\">\n<thead>\n<tr class=\"row-1\">\n\t<th class=\"column-1\">Title<\/th><th class=\"column-2\">Referencia<\/th>\n<\/tr>\n<\/thead>\n<tbody class=\"row-striping row-hover\">\n<tr class=\"row-2\">\n\t<td class=\"column-1\"><a href=\"\/\/www.itap.uva.es\/en\/rti2018-098425\/\">PROPUESTA DE UN SISTEMA INTELIGENTE DE SHM \u201cAUMENTADA\u201d APLICADO A ESTRUCTURAS ESBELTAS<\/a><\/td><td class=\"column-2\"><a href=\"\/\/www.itap.uva.es\/en\/rti2018-098425\/\">RTI2018-098425<\/a><\/td>\n<\/tr>\n<tr class=\"row-3\">\n\t<td class=\"column-1\"><a href=\"https:\/\/itaproboticamedica.wixsite.com\/itapuva\/proyecto-2\" target=\"_blank\" rel=\"noopener noreferrer\">SENSORIZED HALS ENTORNO SENSORIZADO PARA CIRUG\u00cdA LAPAROSC\u00d3PICA ASISTIDA POR LA MANO<\/a><\/td><td class=\"column-2\"> <a href=\"https:\/\/itaproboticamedica.wixsite.com\/itapuva\/proyecto-2\" target=\"_blank\" rel=\"noopener noreferrer\">DPI2013-47196<\/a><\/td>\n<\/tr>\n<tr class=\"row-4\">\n\t<td class=\"column-1\">INFLUENCIA DEL SISTEMA DE VENTILACI\u00d3N EN LA DISPERSI\u00d3N A\u00c9REA DE BIOAEROSOLES EXHALADOS POR PERSONAS. EVALUACI\u00d3N DEL RIESGO DE INFECCI\u00d3N CRUZADA<\/td><td class=\"column-2\">DPI2014-55357<\/td>\n<\/tr>\n<tr class=\"row-5\">\n\t<td class=\"column-1\"><a href=\"http:\/\/termotecnia.gir.uva.es\/Proy\/2015_ENE2014-58990-R.html\" target=\"_blank\"\">OPTIMIZACI\u00d3N DEL DISE\u00d1O Y OPERACI\u00d3N INTEGRADA DE SISTEMAS RADIANTES ACTIVADOS T\u00c9RMICAMENTE CON FUENTES DE BAJA ENERG\u00cdA EN CLIMA MEDITERR\u00c1NEO<\/a><\/td><td class=\"column-2\"><a href=\"http:\/\/termotecnia.gir.uva.es\/Proy\/2015_ENE2014-58990-R.html\" target=\"_blank\"\">ENE2014-58990<\/a><\/td>\n<\/tr>\n<tr class=\"row-6\">\n\t<td class=\"column-1\"><a href=\"\/\/www.itap.uva.es\/en\/proyecto-va191u14\/\">ESTUDIO DEL PROCESO DE OBTENCI\u00d3N DE METANOL, HIDR\u00d3GENO Y DI\u00c9SEL FISCHER-TROPSCH, A PARTIR DE SYNGAS PROCEDENTE DE CULTIVOS ENERG\u00c9TICOS<\/a><\/td><td class=\"column-2\"> <a href=\"\/\/www.itap.uva.es\/en\/proyecto-va191u14\/\">VA191U14<\/a><\/td>\n<\/tr>\n<tr class=\"row-7\">\n\t<td class=\"column-1\"><a href=\"http:\/\/termotecnia.gir.uva.es\/Proy\/2016_RTC-2016-5800-3.html\" target=\"_blank\" rel=\"noopener noreferrer\">DESARROLLO DE UN GESTOR INTELIGENTE DE REDES T\u00c9RMICAS<\/a><\/td><td class=\"column-2\"><a href=\"http:\/\/termotecnia.gir.uva.es\/Proy\/2016_RTC-2016-5800-3.html\" target=\"_blank\" rel=\"noopener noreferrer\">RTC-2016-5800-3<\/a><\/td>\n<\/tr>\n<tr class=\"row-8\">\n\t<td class=\"column-1\"><a href=\"http:\/\/vibrastrunet.uva.es\/\" target=\"_blank\" rel=\"noopener noreferrer\">RED SOBRE T\u00c9CNICAS EXPERIMENTALES EN DIN\u00c1MICA ESTRUCTURAL, ACTUALIZADO COMPUTACIONAL, DISPOSITIVOS DE MITIGACION DE VIBRACIONES Y EVALUACI\u00d3N DEL ESTADO L\u00cdMITE DE SERVICIO.<\/a><\/td><td class=\"column-2\"><a href=\"http:\/\/vibrastrunet.uva.es\/\" target=\"_blank\" rel=\"noopener noreferrer\">BIA2015-71942-REDT<\/a><\/td>\n<\/tr>\n<tr class=\"row-9\">\n\t<td class=\"column-1\"><a href=\"https:\/\/itaproboticamedica.wixsite.com\/itapuva\/proyecto-3\" target=\"_blank\" rel=\"noopener noreferrer\">SISTEMA ROB\u00d3TICO COLABORATIVO PARA NEUROCIRUG\u00cdA ENDOSC\u00d3PICA ENDONASAL<\/a><\/td><td class=\"column-2\"><a href=\"https:\/\/itaproboticamedica.wixsite.com\/itapuva\/proyecto-3\" target=\"_blank\" rel=\"noopener noreferrer\">DPI2016-80391<\/a><\/td>\n<\/tr>\n<tr class=\"row-10\">\n\t<td class=\"column-1\">AN\u00c1LISIS DE CORRIENTE EN BOMBAS SUMERGIBLES DE ACU\u00cdFEROS PARA AN\u00c1LISIS DE AVER\u00cdAS. CURPAMP.<\/td><td class=\"column-2\">RTC-2017-5902-7<\/td>\n<\/tr>\n<tr class=\"row-11\">\n\t<td class=\"column-1\"><a href=\"\/\/www.itap.uva.es\/en\/roasis\/\">ROBOTS WITH CAPACITY FOR INTERACTION AND ADAPTATION IN CARE ENVIRONMENTS <\/a><\/td><td class=\"column-2\"><a href=\"\/\/www.itap.uva.es\/en\/roasis\/\">VA233P18<\/a><\/td>\n<\/tr>\n<tr class=\"row-12\">\n\t<td class=\"column-1\">APLICACIONES DE LA ROB\u00d3TICA SOCIAL: ROBOTS DE SERVICIO Y ROBOTS TERAP\u00c9UTICOS<\/td><td class=\"column-2\">VA036U14<\/td>\n<\/tr>\n<tr class=\"row-13\">\n\t<td class=\"column-1\">ESTUDIO FLUIDODIN\u00c1MICO DE LA FORMACI\u00d3N DE TROMBOS EN LA OREJUELA IZQUIERDA<\/td><td class=\"column-2\">VA081G18<br \/>\n<\/td>\n<\/tr>\n<tr class=\"row-14\">\n\t<td class=\"column-1\"><a href=\"https:\/\/itaproboticamedica.wixsite.com\/itapuva\/proyecto-8\" target=\"_blank\" rel=\"noopener noreferrer\">ROBOT H\u00c1PTICO TIPO EXOESQUELETO, PARA REHABILITACI\u00d3N DE LAS FUNCIONES DE LA MANO MEDIANTE TERAPIAS ACTIVAS, EN PERSONAS CON DISCAPACIDAD NEUROMOTORA<\/a><\/td><td class=\"column-2\"><a href=\"https:\/\/itaproboticamedica.wixsite.com\/itapuva\/proyecto-8\" target=\"_blank\" rel=\"noopener noreferrer\">VA007G19<\/a><br \/>\n<\/td>\n<\/tr>\n<tr class=\"row-15\">\n\t<td class=\"column-1\"><a href=\"http:\/\/termotecnia.gir.uva.es\/Proy\/2019_VA272P18.html\" target=\"_blank\" rel=\"noopener noreferrer\">AN\u00c1LISIS DE TECNOLOG\u00cdAS ENERG\u00c9TICAMENTE EFICIENTES PARA LA SOSTENIBILIDAD DE LOS EDIFICIOS<\/a><br \/>\n<\/td><td class=\"column-2\"><a href=\"http:\/\/termotecnia.gir.uva.es\/Proy\/2019_VA272P18.html\" target=\"_blank\" rel=\"noopener noreferrer\">VA272P18<\/a><\/td>\n<\/tr>\n<tr class=\"row-16\">\n\t<td class=\"column-1\"><a href=\"http:\/\/termotecnia.gir.uva.es\/Proy\/2016_VA029U16.html\" target=\"_blank\" rel=\"noopener noreferrer\">EVALUACI\u00d3N ENERG\u00c9TICA Y MEDIDA DEL CONFORT T\u00c9RMICO EN EDIFICIOS DE CAMPUS UNIVERSITARIOS HACIA CERO ENERG\u00cdA, COMBINANDO ENFRIAMIENTO EVAPORATIVO INDIRECTO (EII) Y ESTRUCTURAS T\u00c9RMICAMENTE ACTIVADAS (TABS).<\/a><\/td><td class=\"column-2\"><a href=\"http:\/\/termotecnia.gir.uva.es\/Proy\/2016_VA029U16.html\" target=\"_blank\" rel=\"noopener noreferrer\">VA029U16<\/a><\/td>\n<\/tr>\n<tr class=\"row-17\">\n\t<td class=\"column-1\"><a href=\"http:\/\/termotecnia.gir.uva.es\/Proy\/2019_UVaSESACODE.html\" target=\"_blank\" rel=\"noopener noreferrer\">LA UNIVERSIDAD DE VALLADOLID HACIA UN SISTEMA ENERG\u00c9TICO SOSTENIBLE: ALTA CALIDAD AMBIENTAL INTERIOR, COMPETITIVO Y DESCARBONIZADO<\/a><\/td><td class=\"column-2\"><a href=\"http:\/\/termotecnia.gir.uva.es\/Proy\/2019_UVaSESACODE.html\" target=\"_blank\" rel=\"noopener noreferrer\">SESACODE<\/a><\/td>\n<\/tr>\n<tr class=\"row-18\">\n\t<td class=\"column-1\"><a href=\"http:\/\/vibrastrunet.uva.es\/\" target=\"_blank\" rel=\"noopener noreferrer\">RED SOBRE T\u00c9CNICAS EXPERIMENTALES EN DIN\u00c1MICA ESTRUCTURAL, ACTUALIZADO COMPUTACIONAL, DISPOSITIVOS DE MITIGACION DE VIBRACIONES Y EVALUACI\u00d3N DEL ESTADO L\u00cdMITE DE SERVICIO.<\/a><\/td><td class=\"column-2\"><a href=\"http:\/\/vibrastrunet.uva.es\/\" target=\"_blank\" rel=\"noopener noreferrer\">BIA2015-71942<\/a><\/td>\n<\/tr>\n<tr class=\"row-19\">\n\t<td class=\"column-1\"><a href=\"\/\/www.itap.uva.es\/en\/bia2014-59321\/\">PROGNOSIS Y AN\u00c1LISIS INTEGRADO DE LAS VIBRACIONES INDUCIDAS POR EL HOMBRE EN ESTRUCTURAS<\/a><\/td><td class=\"column-2\"><a href=\"\/\/www.itap.uva.es\/en\/bia2014-59321\/\">BIA2014-59321<\/a><\/td>\n<\/tr>\n<tr class=\"row-20\">\n\t<td class=\"column-1\"><a href=\"\/\/www.itap.uva.es\/en\/bia2011-28493\/\">T\u00c9CNICAS EXPERIMENTALES Y NUM\u00c9RICAS PARA LA VALORACI\u00d3N DEL COMPORTAMIENTO VIBRATORIO DE ESTRUCTURAS PEATONALES<\/a><\/td><td class=\"column-2\"><a href=\"\/\/www.itap.uva.es\/en\/bia2011-28493\/\">BIA2011-28493<\/a><\/td>\n<\/tr>\n<tr class=\"row-21\">\n\t<td class=\"column-1\"><a href=\"\/\/www.itap.uva.es\/en\/roasis\/\">ROBOTS WITH CAPACITY FOR INTERACTION AND ADAPTATION IN CARE ENVIRONMENTS <\/a><\/td><td class=\"column-2\"><a href=\"\/\/www.itap.uva.es\/en\/roasis\/\">VA233P18<\/a><\/td>\n<\/tr>\n<tr class=\"row-22\">\n\t<td class=\"column-1\"><a href=\"https:\/\/portaldelaciencia.uva.es\/proyectos\/773246\/detalle\" target=\"_blank\"> PROYECTO INTEGRAL DE INTERVENCI\u00d3N ESPECIALIZADA DEL RESCATE Y SALVAGUARDA DE LOS MURALES ELABORADOS CON LA T\u00c9CNICA DEL MOSAICO MEXICANO LOCALIZADOS EN EL CENTRO SCOP. | Financiaci\u00f3n &#8211; Universidad de Valladolid<\/a><\/td><td class=\"column-2\"><\/td>\n<\/tr>\n<tr class=\"row-23\">\n\t<td class=\"column-1\"><a href=\"https:\/\/portaldelaciencia.uva.es\/proyectos\/180921\/detalle\" target=\"_blank\"> MONITORIZACI\u00d3N Y DIAGN\u00d3STICO DE LA SALUD DE LAS ESTRUCTURAS DE MADERA EN EL PATRIMONIO CULTURAL A PARTIR DE T\u00c9CNICAS DIN\u00c1MICAS DE BAJO COSTE | Financiaci\u00f3n &#8211; Universidad de Valladolid<\/a><\/td><td class=\"column-2\"> <a href=\"https:\/\/portaldelaciencia.uva.es\/proyectos\/180921\/detalle\" target=\"_blank\"> VA228P20<\/a><\/td>\n<\/tr>\n<\/tbody>\n<\/table>\n<\/p>\t\t\t\t\t\t\t\t<\/div>\n\t\t\t\t<\/div>\n\t\t<div data-ka-cursor-size=\"1\" class=\"elementor-element elementor-element-02b0bc6 e-con-full e-flex e-con e-child\" data-id=\"02b0bc6\" data-element_type=\"container\" data-e-type=\"container\" data-settings=\"{&quot;kng_cursor_interaction&quot;:&quot;default&quot;,&quot;kng_cursor_magnetic&quot;:&quot;none&quot;,&quot;kng_cursor_size_multiplier&quot;:{&quot;unit&quot;:&quot;px&quot;,&quot;size&quot;:1,&quot;sizes&quot;:[]}}\">\n\t\t\t\t<\/div>\n\t\t\t\t\t<\/div>\n\t\t\t\t<\/div>\n\t\t\t\t<\/div>","protected":false},"excerpt":{"rendered":"<p>Proyectos de investigaci\u00f3n \u00a0 Los proyectos de investigaci\u00f3n, financiados en convocatorias competitivas, en los que se est\u00e1 trabajando son: Se [&hellip;]<\/p>\n","protected":false},"author":1,"featured_media":0,"parent":0,"menu_order":0,"comment_status":"closed","ping_status":"closed","template":"","meta":{"site-sidebar-layout":"no-sidebar","site-content-layout":"","ast-site-content-layout":"full-width-container","site-content-style":"default","site-sidebar-style":"default","ast-global-header-display":"","ast-banner-title-visibility":"","ast-main-header-display":"","ast-hfb-above-header-display":"","ast-hfb-below-header-display":"","ast-hfb-mobile-header-display":"","site-post-title":"disabled","ast-breadcrumbs-content":"","ast-featured-img":"disabled","footer-sml-layout":"","ast-disable-related-posts":"","theme-transparent-header-meta":"","adv-header-id-meta":"","stick-header-meta":"","header-above-stick-meta":"","header-main-stick-meta":"","header-below-stick-meta":"","astra-migrate-meta-layouts":"default","ast-page-background-enabled":"default","ast-page-background-meta":{"desktop":{"background-color":"var(--ast-global-color-5)","background-image":"","background-repeat":"repeat","background-position":"center center","background-size":"auto","background-attachment":"scroll","background-type":"","background-media":"","overlay-type":"","overlay-color":"","overlay-opacity":"","overlay-gradient":""},"tablet":{"background-color":"","background-image":"","background-repeat":"repeat","background-position":"center center","background-size":"auto","background-attachment":"scroll","background-type":"","background-media":"","overlay-type":"","overlay-color":"","overlay-opacity":"","overlay-gradient":""},"mobile":{"background-color":"","background-image":"","background-repeat":"repeat","background-position":"center center","background-size":"auto","background-attachment":"scroll","background-type":"","background-media":"","overlay-type":"","overlay-color":"","overlay-opacity":"","overlay-gradient":""}},"ast-content-background-meta":{"desktop":{"background-color":"var(--ast-global-color-4)","background-image":"","background-repeat":"repeat","background-position":"center center","background-size":"auto","background-attachment":"scroll","background-type":"","background-media":"","overlay-type":"","overlay-color":"","overlay-opacity":"","overlay-gradient":""},"tablet":{"background-color":"var(--ast-global-color-4)","background-image":"","background-repeat":"repeat","background-position":"center center","background-size":"auto","background-attachment":"scroll","background-type":"","background-media":"","overlay-type":"","overlay-color":"","overlay-opacity":"","overlay-gradient":""},"mobile":{"background-color":"var(--ast-global-color-4)","background-image":"","background-repeat":"repeat","background-position":"center center","background-size":"auto","background-attachment":"scroll","background-type":"","background-media":"","overlay-type":"","overlay-color":"","overlay-opacity":"","overlay-gradient":""}},"footnotes":""},"class_list":["post-808","page","type-page","status-publish","hentry"],"_links":{"self":[{"href":"https:\/\/www.itap.uva.es\/en\/wp-json\/wp\/v2\/pages\/808","targetHints":{"allow":["GET"]}}],"collection":[{"href":"https:\/\/www.itap.uva.es\/en\/wp-json\/wp\/v2\/pages"}],"about":[{"href":"https:\/\/www.itap.uva.es\/en\/wp-json\/wp\/v2\/types\/page"}],"author":[{"embeddable":true,"href":"https:\/\/www.itap.uva.es\/en\/wp-json\/wp\/v2\/users\/1"}],"replies":[{"embeddable":true,"href":"https:\/\/www.itap.uva.es\/en\/wp-json\/wp\/v2\/comments?post=808"}],"version-history":[{"count":3,"href":"https:\/\/www.itap.uva.es\/en\/wp-json\/wp\/v2\/pages\/808\/revisions"}],"predecessor-version":[{"id":7732,"href":"https:\/\/www.itap.uva.es\/en\/wp-json\/wp\/v2\/pages\/808\/revisions\/7732"}],"wp:attachment":[{"href":"https:\/\/www.itap.uva.es\/en\/wp-json\/wp\/v2\/media?parent=808"}],"curies":[{"name":"wp","href":"https:\/\/api.w.org\/{rel}","templated":true}]}}