{"id":840,"date":"2025-01-30T18:51:50","date_gmt":"2025-01-30T17:51:50","guid":{"rendered":"http:\/\/www.itap.uva.es\/?page_id=840"},"modified":"2026-04-09T18:37:11","modified_gmt":"2026-04-09T16:37:11","slug":"equipindus","status":"publish","type":"page","link":"https:\/\/www.itap.uva.es\/en\/equipindus\/","title":{"rendered":"Industrial equipment"},"content":{"rendered":"<div data-elementor-type=\"wp-page\" data-elementor-id=\"840\" class=\"elementor elementor-840\">\n\t\t\t\t<div data-ka-cursor-size=\"1\" class=\"elementor-element elementor-element-90bbec7 e-flex e-con-boxed e-con e-parent\" data-id=\"90bbec7\" data-element_type=\"container\" data-e-type=\"container\" data-settings=\"{&quot;kng_cursor_interaction&quot;:&quot;default&quot;,&quot;kng_cursor_magnetic&quot;:&quot;none&quot;,&quot;kng_cursor_size_multiplier&quot;:{&quot;unit&quot;:&quot;px&quot;,&quot;size&quot;:1,&quot;sizes&quot;:[]}}\">\n\t\t\t\t\t<div class=\"e-con-inner\">\n\t\t\t\t<div data-ka-cursor-size=\"1\" class=\"elementor-element elementor-element-11d6b0c elementor-widget elementor-widget-text-editor\" data-id=\"11d6b0c\" data-element_type=\"widget\" data-e-type=\"widget\" data-settings=\"{&quot;kng_cursor_interaction&quot;:&quot;default&quot;,&quot;kng_cursor_magnetic&quot;:&quot;none&quot;,&quot;kng_cursor_size_multiplier&quot;:{&quot;unit&quot;:&quot;px&quot;,&quot;size&quot;:1,&quot;sizes&quot;:[]}}\" data-widget_type=\"text-editor.default\">\n\t\t\t\t<div class=\"elementor-widget-container\">\n\t\t\t\t\t\t\t\t\t<h1>Industrial equipment<\/h1>\t\t\t\t\t\t\t\t<\/div>\n\t\t\t\t<\/div>\n\t\t\t\t<div data-ka-cursor-size=\"1\" class=\"elementor-element elementor-element-17acdd1 elementor-widget elementor-widget-text-editor\" data-id=\"17acdd1\" data-element_type=\"widget\" data-e-type=\"widget\" data-settings=\"{&quot;kng_cursor_interaction&quot;:&quot;default&quot;,&quot;kng_cursor_magnetic&quot;:&quot;none&quot;,&quot;kng_cursor_size_multiplier&quot;:{&quot;unit&quot;:&quot;px&quot;,&quot;size&quot;:1,&quot;sizes&quot;:[]}}\" data-widget_type=\"text-editor.default\">\n\t\t\t\t<div class=\"elementor-widget-container\">\n\t\t\t\t\t\t\t\t\t<p>In the different laboratories, there is instrumental equipment available for the different research projects. The most relevant equipment is listed below:<\/p>\n<p><p><\/p>\n<table id=\"tablepress-24\" class=\"tablepress tablepress-id-24\">\n<tbody class=\"row-striping row-hover\">\n<tr class=\"row-1\">\n<td class=\"column-1\">INNOVA tracer gas analyzer<\/td>\n<\/tr>\n<tr class=\"row-2\">\n<td class=\"column-1\">Fluke 430 II Network Analyzer<\/td>\n<\/tr>\n<tr class=\"row-3\">\n<td class=\"column-1\">Dantec 3D Hot Wire Anemometer<\/td>\n<\/tr>\n<tr class=\"row-4\">\n<td class=\"column-1\">PDA Doppler Anemometer DANTEC model 2016<\/td>\n<\/tr>\n<tr class=\"row-5\">\n<td class=\"column-1\">Dantec Dual Power 200-15 PIV Anemometer<\/td>\n<\/tr>\n<tr class=\"row-6\">\n<td class=\"column-1\">Ohaus MB-300 Moisture Balance<\/td>\n<\/tr>\n<tr class=\"row-7\">\n<td class=\"column-1\">Electric motor test bench with electric motor, electric generator, torque wrench and resistance bench.<\/td>\n<\/tr>\n<tr class=\"row-8\">\n<td class=\"column-1\">Burner bank. Spray burner, compression oil burner.<\/td>\n<\/tr>\n<tr class=\"row-9\">\n<td class=\"column-1\">Bolometer for air flow measurement (TSI brand).<\/td>\n<\/tr>\n<tr class=\"row-10\">\n<td class=\"column-1\">Multi-fuel boiler (gas, liquid)<\/td>\n<\/tr>\n<tr class=\"row-11\">\n<td class=\"column-1\">Parr 1242 Model Adiabatic Calorimeter<\/td>\n<\/tr>\n<tr class=\"row-12\">\n<td class=\"column-1\">4 x 4 x 4 m instrumented climatic chamber<\/td>\n<\/tr>\n<tr class=\"row-13\">\n<td class=\"column-1\">Fluke Ti25 Thermal Imaging Camera<\/td>\n<\/tr>\n<tr class=\"row-14\">\n<td class=\"column-1\">Thermal imaging cameras. Basic model and model with the ability to simultaneously photograph the imaged area (FLIR brand).<\/td>\n<\/tr>\n<tr class=\"row-15\">\n<td class=\"column-1\">Calibrated cell for solar irradiance measurement<\/td>\n<\/tr>\n<tr class=\"row-16\">\n<td class=\"column-1\">Cycle ergometer with electrical actuation<\/td>\n<\/tr>\n<tr class=\"row-17\">\n<td class=\"column-1\">Clormic 4120009 Digital Colorimeter<\/td>\n<\/tr>\n<tr class=\"row-18\">\n<td class=\"column-1\">Gas chromatograph, Perkin-Elmer sigma 3B Dual FID<\/td>\n<\/tr>\n<tr class=\"row-19\">\n<td class=\"column-1\">3DSystems Touch Haptic Interface Device<\/td>\n<\/tr>\n<tr class=\"row-20\">\n<td class=\"column-1\">Endoscope (TESTO Brand)<\/td>\n<\/tr>\n<tr class=\"row-21\">\n<td class=\"column-1\">Thermal Comfort Analysis Equipment (VIVO Brand).<\/td>\n<\/tr>\n<tr class=\"row-22\">\n<td class=\"column-1\">Refrigeration cycle, leak and refrigerant charge weight analysis equipment (TESTO brand)<\/td>\n<\/tr>\n<tr class=\"row-23\">\n<td class=\"column-1\">Particle analysis equipment (Hucoa-Erl\u00f6s brand).<\/td>\n<\/tr>\n<tr class=\"row-24\">\n<td class=\"column-1\">VOC Analysis Equipment \u2013 \u200b\u200b(Drag\u00fcer Brand)<\/td>\n<\/tr>\n<tr class=\"row-25\">\n<td class=\"column-1\">Non-intrusive ultrasonic water flow measurement equipment \u2013 \u200b\u200b(Yokogava brand)<\/td>\n<\/tr>\n<tr class=\"row-26\">\n<td class=\"column-1\">Air flow measurement and calibration equipment (Tecner brand TG 50 calibrated nozzle).<\/td>\n<\/tr>\n<tr class=\"row-27\">\n<td class=\"column-1\">Air flow measurement and calibration equipment using electrical resistance and thermal jump.<\/td>\n<\/tr>\n<tr class=\"row-28\">\n<td class=\"column-1\">Combustion analysis equipment (TESTO brand)<\/td>\n<\/tr>\n<tr class=\"row-29\">\n<td class=\"column-1\">Evaporative cooling equipment<\/td>\n<\/tr>\n<tr class=\"row-30\">\n<td class=\"column-1\">Continuous relative air humidity measuring equipment (AHLBORN brand)<\/td>\n<\/tr>\n<tr class=\"row-31\">\n<td class=\"column-1\">Energy recovery equipment: plate, rotary, and runaround loop<\/td>\n<\/tr>\n<tr class=\"row-32\">\n<td class=\"column-1\">Equipment for air quality control and ventilation measurement with CO and CO2 parameters (Testo brand)<\/td>\n<\/tr>\n<tr class=\"row-33\">\n<td class=\"column-1\">Black dial for radiant temperature measurement (TESTO brand).<\/td>\n<\/tr>\n<tr class=\"row-34\">\n<td class=\"column-1\">IR Spectrophotometer: Shimadzu Infrared Spectrophotometer IR-408<\/td>\n<\/tr>\n<tr class=\"row-35\">\n<td class=\"column-1\">Data Glove (Smart Data Glove) 5DT model DG14UL<\/td>\n<\/tr>\n<tr class=\"row-36\">\n<td class=\"column-1\">Temperature probe calibration oven<\/td>\n<\/tr>\n<tr class=\"row-37\">\n<td class=\"column-1\">Laboratory-scale models, including multi-story buildings, multi-support beams, cantilever structures, etc.<\/td>\n<\/tr>\n<tr class=\"row-38\">\n<td class=\"column-1\">Motores lineales. LinMot PS10-23\u00d780 (unos 2 kg de masa m\u00f3vil) y LinMot PS10-70\u00d7400 (hasta 200 kg de masa m\u00f3vil) utilizados como excitadores y como amortiguadores de masa activo.<\/td>\n<\/tr>\n<tr class=\"row-39\">\n<td class=\"column-1\">PicoScope 4824 and 4444 Digital Oscilloscopes<\/td>\n<\/tr>\n<tr class=\"row-40\">\n<td class=\"column-1\">Force plate (x4 HLCB1C3-22) with DAQ DQ-430, 40kS\/s, 24 bits.<\/td>\n<\/tr>\n<tr class=\"row-41\">\n<td class=\"column-1\">Calibrated orifice plates for measuring air flow in ducts.<\/td>\n<\/tr>\n<tr class=\"row-42\">\n<td class=\"column-1\">SIMUMAK motion platform, 250 kg. Driving simulator.<\/td>\n<\/tr>\n<tr class=\"row-43\">\n<td class=\"column-1\">ATAGO polax-D polarimeter<\/td>\n<\/tr>\n<tr class=\"row-44\">\n<td class=\"column-1\">Mettler Refractometer<\/td>\n<\/tr>\n<tr class=\"row-45\">\n<td class=\"column-1\">Robot manipulador ABB IRB 120 \u2013 IRC5 de 6 grados de libertad<\/td>\n<\/tr>\n<tr class=\"row-46\">\n<td class=\"column-1\">Universal Robots UR3 6 degrees of freedom manipulator robot<\/td>\n<\/tr>\n<tr class=\"row-47\">\n<td class=\"column-1\">Butler social robot James, for research in social robotics<\/td>\n<\/tr>\n<tr class=\"row-48\">\n<td class=\"column-1\">Social robot Pepper, a humanoid that interacts with people, for research in social robotics<\/td>\n<\/tr>\n<tr class=\"row-49\">\n<td class=\"column-1\">Salt calibration system for relative air humidity probes (AHLBORN Brand).<\/td>\n<\/tr>\n<tr class=\"row-50\">\n<td class=\"column-1\">Refrigerant charging system equipped with dehumidification<\/td>\n<\/tr>\n<tr class=\"row-51\">\n<td class=\"column-1\">Data acquisition systems.<\/td>\n<\/tr>\n<tr class=\"row-52\">\n<td class=\"column-1\">TA301 current probe<\/td>\n<\/tr>\n<tr class=\"row-53\">\n<td class=\"column-1\">Infrared probe for surface temperature (AGEMA brand).<\/td>\n<\/tr>\n<tr class=\"row-54\">\n<td class=\"column-1\">Precision current probe with BNC connector<\/td>\n<\/tr>\n<tr class=\"row-55\">\n<td class=\"column-1\">PicoConnect 442 differential voltage probes<\/td>\n<\/tr>\n<tr class=\"row-56\">\n<td class=\"column-1\">Thermoflowmeter with data acquisition (AHLBORN Brand)<\/td>\n<\/tr>\n<tr class=\"row-57\">\n<td class=\"column-1\">Laboratory cooling tower (EWK brand)<\/td>\n<\/tr>\n<tr class=\"row-58\">\n<td class=\"column-1\">Trainer for laparoscopic surgery<\/td>\n<\/tr>\n<tr class=\"row-59\">\n<td class=\"column-1\">Allen Bradley, Siemens and ABB variable speed drives<\/td>\n<\/tr>\n<tr class=\"row-60\">\n<td class=\"column-1\">Haake Ball Drop Viscometer<\/td>\n<\/tr>\n<\/tbody>\n<\/table>\n<p><!-- #tablepress-24 from cache --><\/p>\n<div class=\"wp-block-image\"><img fetchpriority=\"high\" decoding=\"async\" class=\"size-medium aligncenter\" src=\"http:\/\/www.itap.uva.es\/wp-content\/uploads\/2025\/02\/banner5i.gif\" alt=\"\" width=\"838\" height=\"89\"><\/div>\n<\/p><\/div>\n<\/p><\/div>\n<\/p><\/div>\n<\/p><\/div>\n<div data-ka-cursor-size=\"1\" class=\"elementor-element elementor-element-3a26a1c e-flex e-con-boxed e-con e-parent\" data-id=\"3a26a1c\" data-element_type=\"container\" data-e-type=\"container\" data-settings=\"{&quot;kng_cursor_interaction&quot;:&quot;default&quot;,&quot;kng_cursor_magnetic&quot;:&quot;none&quot;,&quot;kng_cursor_size_multiplier&quot;:{&quot;unit&quot;:&quot;px&quot;,&quot;size&quot;:1,&quot;sizes&quot;:[]}}\">\n<div class=\"e-con-inner\">\n\t\t\t\t\t<\/div>\n<\/p><\/div>\n\t\t<\/div>","protected":false},"excerpt":{"rendered":"<p>Equipamiento industrial Se cuenta, en los distintos laboratorios, con equipamiento instrumental a disposici\u00f3n de los distintos proyectos de investigaci\u00f3n. Se [&hellip;]<\/p>\n","protected":false},"author":1,"featured_media":0,"parent":0,"menu_order":0,"comment_status":"closed","ping_status":"closed","template":"","meta":{"site-sidebar-layout":"no-sidebar","site-content-layout":"","ast-site-content-layout":"full-width-container","site-content-style":"default","site-sidebar-style":"default","ast-global-header-display":"","ast-banner-title-visibility":"","ast-main-header-display":"","ast-hfb-above-header-display":"","ast-hfb-below-header-display":"","ast-hfb-mobile-header-display":"","site-post-title":"disabled","ast-breadcrumbs-content":"","ast-featured-img":"disabled","footer-sml-layout":"","ast-disable-related-posts":"","theme-transparent-header-meta":"","adv-header-id-meta":"","stick-header-meta":"","header-above-stick-meta":"","header-main-stick-meta":"","header-below-stick-meta":"","astra-migrate-meta-layouts":"default","ast-page-background-enabled":"default","ast-page-background-meta":{"desktop":{"background-color":"var(--ast-global-color-5)","background-image":"","background-repeat":"repeat","background-position":"center center","background-size":"auto","background-attachment":"scroll","background-type":"","background-media":"","overlay-type":"","overlay-color":"","overlay-opacity":"","overlay-gradient":""},"tablet":{"background-color":"","background-image":"","background-repeat":"repeat","background-position":"center center","background-size":"auto","background-attachment":"scroll","background-type":"","background-media":"","overlay-type":"","overlay-color":"","overlay-opacity":"","overlay-gradient":""},"mobile":{"background-color":"","background-image":"","background-repeat":"repeat","background-position":"center center","background-size":"auto","background-attachment":"scroll","background-type":"","background-media":"","overlay-type":"","overlay-color":"","overlay-opacity":"","overlay-gradient":""}},"ast-content-background-meta":{"desktop":{"background-color":"var(--ast-global-color-4)","background-image":"","background-repeat":"repeat","background-position":"center center","background-size":"auto","background-attachment":"scroll","background-type":"","background-media":"","overlay-type":"","overlay-color":"","overlay-opacity":"","overlay-gradient":""},"tablet":{"background-color":"var(--ast-global-color-4)","background-image":"","background-repeat":"repeat","background-position":"center center","background-size":"auto","background-attachment":"scroll","background-type":"","background-media":"","overlay-type":"","overlay-color":"","overlay-opacity":"","overlay-gradient":""},"mobile":{"background-color":"var(--ast-global-color-4)","background-image":"","background-repeat":"repeat","background-position":"center center","background-size":"auto","background-attachment":"scroll","background-type":"","background-media":"","overlay-type":"","overlay-color":"","overlay-opacity":"","overlay-gradient":""}},"footnotes":""},"class_list":["post-840","page","type-page","status-publish","hentry"],"_links":{"self":[{"href":"https:\/\/www.itap.uva.es\/en\/wp-json\/wp\/v2\/pages\/840","targetHints":{"allow":["GET"]}}],"collection":[{"href":"https:\/\/www.itap.uva.es\/en\/wp-json\/wp\/v2\/pages"}],"about":[{"href":"https:\/\/www.itap.uva.es\/en\/wp-json\/wp\/v2\/types\/page"}],"author":[{"embeddable":true,"href":"https:\/\/www.itap.uva.es\/en\/wp-json\/wp\/v2\/users\/1"}],"replies":[{"embeddable":true,"href":"https:\/\/www.itap.uva.es\/en\/wp-json\/wp\/v2\/comments?post=840"}],"version-history":[{"count":3,"href":"https:\/\/www.itap.uva.es\/en\/wp-json\/wp\/v2\/pages\/840\/revisions"}],"predecessor-version":[{"id":7744,"href":"https:\/\/www.itap.uva.es\/en\/wp-json\/wp\/v2\/pages\/840\/revisions\/7744"}],"wp:attachment":[{"href":"https:\/\/www.itap.uva.es\/en\/wp-json\/wp\/v2\/media?parent=840"}],"curies":[{"name":"wp","href":"https:\/\/api.w.org\/{rel}","templated":true}]}}